{"id":358,"date":"2021-11-02T10:23:47","date_gmt":"2021-11-02T09:23:47","guid":{"rendered":"http:\/\/www.webndev.fr\/clientdev\/baiheeu2\/?page_id=358"},"modified":"2026-04-02T15:32:06","modified_gmt":"2026-04-02T13:32:06","slug":"news","status":"publish","type":"page","link":"https:\/\/www.baihemedical.eu\/pt\/news\/","title":{"rendered":"Not\u00edcias"},"content":{"rendered":"<div data-elementor-type=\"wp-page\" data-elementor-id=\"358\" class=\"elementor elementor-358\" data-elementor-settings=\"[]\">\n\t\t\t\t\t\t<div class=\"elementor-inner\">\n\t\t\t\t\t\t\t<div class=\"elementor-section-wrap\">\n\t\t\t\t\t\t\t<section class=\"elementor-section elementor-top-section elementor-element elementor-element-ddf3079 elementor-section-boxed elementor-section-height-default elementor-section-height-default\" data-id=\"ddf3079\" data-element_type=\"section\">\n\t\t\t\t\t\t<div class=\"elementor-container elementor-column-gap-default\">\n\t\t\t\t\t\t\t<div class=\"elementor-row\">\n\t\t\t\t\t<div class=\"elementor-column elementor-col-33 elementor-top-column elementor-element elementor-element-a0e6b98\" data-id=\"a0e6b98\" data-element_type=\"column\">\n\t\t\t<div class=\"elementor-column-wrap elementor-element-populated\">\n\t\t\t\t\t\t\t<div class=\"elementor-widget-wrap\">\n\t\t\t\t\t\t<div class=\"elementor-element elementor-element-31e4b68 elementor-widget elementor-widget-spacer\" data-id=\"31e4b68\" data-element_type=\"widget\" data-widget_type=\"spacer.default\">\n\t\t\t\t<div class=\"elementor-widget-container\">\n\t\t\t\t\t<div class=\"elementor-spacer\">\n\t\t\t<div class=\"elementor-spacer-inner\"><\/div>\n\t\t<\/div>\n\t\t\t\t<\/div>\n\t\t\t\t<\/div>\n\t\t\t\t<div class=\"elementor-element elementor-element-6e88179 elementor-widget-divider--view-line elementor-widget elementor-widget-divider\" data-id=\"6e88179\" data-element_type=\"widget\" data-widget_type=\"divider.default\">\n\t\t\t\t<div class=\"elementor-widget-container\">\n\t\t\t\t\t<div class=\"elementor-divider\">\n\t\t\t<span class=\"elementor-divider-separator\">\n\t\t\t\t\t\t<\/span>\n\t\t<\/div>\n\t\t\t\t<\/div>\n\t\t\t\t<\/div>\n\t\t\t\t<div class=\"elementor-element elementor-element-3b629d1 elementor-widget elementor-widget-heading\" data-id=\"3b629d1\" data-element_type=\"widget\" data-widget_type=\"heading.default\">\n\t\t\t\t<div class=\"elementor-widget-container\">\n\t\t\t<h2 class=\"elementor-heading-title elementor-size-default\">Not\u00edcias &amp; Imprensa<\/h2>\t\t<\/div>\n\t\t\t\t<\/div>\n\t\t\t\t\t\t<\/div>\n\t\t\t\t\t<\/div>\n\t\t<\/div>\n\t\t\t\t<div class=\"elementor-column elementor-col-66 elementor-top-column elementor-element elementor-element-d98f9f4\" data-id=\"d98f9f4\" data-element_type=\"column\">\n\t\t\t<div class=\"elementor-column-wrap\">\n\t\t\t\t\t\t\t<div class=\"elementor-widget-wrap\">\n\t\t\t\t\t\t\t\t<\/div>\n\t\t\t\t\t<\/div>\n\t\t<\/div>\n\t\t\t\t\t\t\t\t<\/div>\n\t\t\t\t\t<\/div>\n\t\t<\/section>\n\t\t\t\t<section class=\"elementor-section elementor-top-section elementor-element elementor-element-11eb90d elementor-section-boxed elementor-section-height-default elementor-section-height-default\" data-id=\"11eb90d\" data-element_type=\"section\">\n\t\t\t\t\t\t<div class=\"elementor-container elementor-column-gap-default\">\n\t\t\t\t\t\t\t<div class=\"elementor-row\">\n\t\t\t\t\t<div class=\"elementor-column elementor-col-20 elementor-top-column elementor-element elementor-element-6989e74\" data-id=\"6989e74\" data-element_type=\"column\">\n\t\t\t<div class=\"elementor-column-wrap elementor-element-populated\">\n\t\t\t\t\t\t\t<div class=\"elementor-widget-wrap\">\n\t\t\t\t\t\t<div class=\"elementor-element elementor-element-23bc918 elementor-widget elementor-widget-text-editor\" data-id=\"23bc918\" data-element_type=\"widget\" data-widget_type=\"text-editor.default\">\n\t\t\t\t<div class=\"elementor-widget-container\">\n\t\t\t\t\t\t\t\t<div class=\"elementor-text-editor elementor-clearfix\">\n\t\t\t\t<h3><a href=\"https:\/\/www.baihemedical.eu\/pt\/category\/baihe-news\/\">Not\u00edcias Baihe<\/a><\/h3>\t\t\t\t\t<\/div>\n\t\t\t\t\t\t<\/div>\n\t\t\t\t<\/div>\n\t\t\t\t\t\t<\/div>\n\t\t\t\t\t<\/div>\n\t\t<\/div>\n\t\t\t\t<div class=\"elementor-column elementor-col-20 elementor-top-column elementor-element elementor-element-8be0336\" data-id=\"8be0336\" data-element_type=\"column\">\n\t\t\t<div class=\"elementor-column-wrap elementor-element-populated\">\n\t\t\t\t\t\t\t<div class=\"elementor-widget-wrap\">\n\t\t\t\t\t\t<div class=\"elementor-element elementor-element-4b7cd3a elementor-widget elementor-widget-text-editor\" data-id=\"4b7cd3a\" data-element_type=\"widget\" data-widget_type=\"text-editor.default\">\n\t\t\t\t<div class=\"elementor-widget-container\">\n\t\t\t\t\t\t\t\t<div class=\"elementor-text-editor elementor-clearfix\">\n\t\t\t\t<h3><a href=\"https:\/\/www.baihemedical.eu\/pt\/category\/medical-fairs\/\">Medical Fairs<\/a><\/h3>\t\t\t\t\t<\/div>\n\t\t\t\t\t\t<\/div>\n\t\t\t\t<\/div>\n\t\t\t\t\t\t<\/div>\n\t\t\t\t\t<\/div>\n\t\t<\/div>\n\t\t\t\t<div class=\"elementor-column elementor-col-20 elementor-top-column elementor-element elementor-element-04442fd\" data-id=\"04442fd\" data-element_type=\"column\">\n\t\t\t<div class=\"elementor-column-wrap elementor-element-populated\">\n\t\t\t\t\t\t\t<div class=\"elementor-widget-wrap\">\n\t\t\t\t\t\t<div class=\"elementor-element elementor-element-2ee645c elementor-widget elementor-widget-text-editor\" data-id=\"2ee645c\" data-element_type=\"widget\" data-widget_type=\"text-editor.default\">\n\t\t\t\t<div class=\"elementor-widget-container\">\n\t\t\t\t\t\t\t\t<div class=\"elementor-text-editor elementor-clearfix\">\n\t\t\t\t<h3><a href=\"#\">Kits de Conhecimento<\/a><\/h3>\t\t\t\t\t<\/div>\n\t\t\t\t\t\t<\/div>\n\t\t\t\t<\/div>\n\t\t\t\t\t\t<\/div>\n\t\t\t\t\t<\/div>\n\t\t<\/div>\n\t\t\t\t<div class=\"elementor-column elementor-col-20 elementor-top-column elementor-element elementor-element-f403f72\" data-id=\"f403f72\" data-element_type=\"column\">\n\t\t\t<div class=\"elementor-column-wrap\">\n\t\t\t\t\t\t\t<div class=\"elementor-widget-wrap\">\n\t\t\t\t\t\t\t\t<\/div>\n\t\t\t\t\t<\/div>\n\t\t<\/div>\n\t\t\t\t<div class=\"elementor-column elementor-col-20 elementor-top-column elementor-element elementor-element-9bdcc24\" data-id=\"9bdcc24\" data-element_type=\"column\">\n\t\t\t<div class=\"elementor-column-wrap\">\n\t\t\t\t\t\t\t<div class=\"elementor-widget-wrap\">\n\t\t\t\t\t\t\t\t<\/div>\n\t\t\t\t\t<\/div>\n\t\t<\/div>\n\t\t\t\t\t\t\t\t<\/div>\n\t\t\t\t\t<\/div>\n\t\t<\/section>\n\t\t\t\t<section class=\"elementor-section elementor-top-section elementor-element elementor-element-2e090c9 news-blog elementor-section-boxed elementor-section-height-default elementor-section-height-default\" data-id=\"2e090c9\" data-element_type=\"section\">\n\t\t\t\t\t\t<div class=\"elementor-container elementor-column-gap-default\">\n\t\t\t\t\t\t\t<div class=\"elementor-row\">\n\t\t\t\t\t<div class=\"elementor-column elementor-col-100 elementor-top-column elementor-element elementor-element-2807684\" data-id=\"2807684\" data-element_type=\"column\">\n\t\t\t<div class=\"elementor-column-wrap elementor-element-populated\">\n\t\t\t\t\t\t\t<div class=\"elementor-widget-wrap\">\n\t\t\t\t\t\t<div class=\"elementor-element elementor-element-faad241 elementor-grid-3 elementor-grid-tablet-2 elementor-grid-mobile-1 elementor-posts--thumbnail-top elementor-widget elementor-widget-posts\" data-id=\"faad241\" data-element_type=\"widget\" data-settings=\"{&quot;pagination_type&quot;:&quot;prev_next&quot;,&quot;classic_columns&quot;:&quot;3&quot;,&quot;classic_columns_tablet&quot;:&quot;2&quot;,&quot;classic_columns_mobile&quot;:&quot;1&quot;,&quot;classic_row_gap&quot;:{&quot;unit&quot;:&quot;px&quot;,&quot;size&quot;:35,&quot;sizes&quot;:[]}}\" data-widget_type=\"posts.classic\">\n\t\t\t\t<div class=\"elementor-widget-container\">\n\t\t\t\t\t<div class=\"elementor-posts-container elementor-posts elementor-posts--skin-classic elementor-grid\">\n\t\t\t\t<article class=\"elementor-post elementor-grid-item post-4175 post type-post status-publish format-standard has-post-thumbnail hentry category-clinical-use-cases\">\n\t\t\t\t<a class=\"elementor-post__thumbnail__link\" href=\"https:\/\/www.baihemedical.eu\/pt\/clinical-use-cases-of-hemodialysis-hemoperfusion\/\" >\n\t\t\t<div class=\"elementor-post__thumbnail\"><img width=\"300\" height=\"223\" src=\"https:\/\/www.baihemedical.eu\/wp-content\/uploads\/2022\/01\/hemodialysishemoperfusion-treatement-animation-300x223.gif\" class=\"attachment-medium size-medium\" alt=\"\" loading=\"lazy\" srcset=\"https:\/\/www.baihemedical.eu\/wp-content\/uploads\/2022\/01\/hemodialysishemoperfusion-treatement-animation-300x223.gif 300w, https:\/\/www.baihemedical.eu\/wp-content\/uploads\/2022\/01\/hemodialysishemoperfusion-treatement-animation-350x260.gif 350w\" sizes=\"(max-width: 300px) 100vw, 300px\" \/><\/div>\n\t\t<\/a>\n\t\t\t\t<div class=\"elementor-post__text\">\n\t\t\t\t<h2 class=\"elementor-post__title\">\n\t\t\t<a href=\"https:\/\/www.baihemedical.eu\/pt\/clinical-use-cases-of-hemodialysis-hemoperfusion\/\" >\n\t\t\t\tCasos de uso cl\u00ednico de hemodi\u00e1lise + hemoperfus\u00e3o\t\t\t<\/a>\n\t\t<\/h2>\n\t\t\t\t<div class=\"elementor-post__meta-data\">\n\t\t\t\t\t<span class=\"elementor-post-date\">\n\t\t\t12 January 2022\t\t<\/span>\n\t\t\t\t<\/div>\n\t\t\t\t\t<a class=\"elementor-post__read-more\" href=\"https:\/\/www.baihemedical.eu\/pt\/clinical-use-cases-of-hemodialysis-hemoperfusion\/\" >\n\t\t\t\tRead More \u00bb\t\t\t<\/a>\n\t\t\t\t<\/div>\n\t\t\t\t<\/article>\n\t\t\t\t<article class=\"elementor-post elementor-grid-item post-4174 post type-post status-publish format-standard has-post-thumbnail hentry category-how-to-guide\">\n\t\t\t\t<a class=\"elementor-post__thumbnail__link\" href=\"https:\/\/www.baihemedical.eu\/pt\/how-to-choose-a-right-dressing\/\" >\n\t\t\t<div class=\"elementor-post__thumbnail\"><img width=\"300\" height=\"185\" src=\"https:\/\/www.baihemedical.eu\/wp-content\/uploads\/2022\/01\/exudate-level-time-of-healing-scheme-baihemedical-300x185.jpg\" class=\"attachment-medium size-medium\" alt=\"\" loading=\"lazy\" srcset=\"https:\/\/www.baihemedical.eu\/wp-content\/uploads\/2022\/01\/exudate-level-time-of-healing-scheme-baihemedical-300x185.jpg 300w, https:\/\/www.baihemedical.eu\/wp-content\/uploads\/2022\/01\/exudate-level-time-of-healing-scheme-baihemedical-350x215.jpg 350w, https:\/\/www.baihemedical.eu\/wp-content\/uploads\/2022\/01\/exudate-level-time-of-healing-scheme-baihemedical.jpg 652w\" sizes=\"(max-width: 300px) 100vw, 300px\" \/><\/div>\n\t\t<\/a>\n\t\t\t\t<div class=\"elementor-post__text\">\n\t\t\t\t<h2 class=\"elementor-post__title\">\n\t\t\t<a href=\"https:\/\/www.baihemedical.eu\/pt\/how-to-choose-a-right-dressing\/\" >\n\t\t\t\tComo escolher o penso certo\t\t\t<\/a>\n\t\t<\/h2>\n\t\t\t\t<div class=\"elementor-post__meta-data\">\n\t\t\t\t\t<span class=\"elementor-post-date\">\n\t\t\t7 January 2022\t\t<\/span>\n\t\t\t\t<\/div>\n\t\t\t\t\t<a class=\"elementor-post__read-more\" href=\"https:\/\/www.baihemedical.eu\/pt\/how-to-choose-a-right-dressing\/\" >\n\t\t\t\tRead More \u00bb\t\t\t<\/a>\n\t\t\t\t<\/div>\n\t\t\t\t<\/article>\n\t\t\t\t<article class=\"elementor-post elementor-grid-item post-363 post type-post status-publish format-standard has-post-thumbnail hentry category-news\">\n\t\t\t\t<a class=\"elementor-post__thumbnail__link\" href=\"https:\/\/www.baihemedical.eu\/pt\/committed-to-helping-you-help-others\/\" >\n\t\t\t<div class=\"elementor-post__thumbnail\"><img width=\"300\" height=\"200\" src=\"https:\/\/www.baihemedical.eu\/wp-content\/uploads\/2020\/02\/pumps-300x200.jpg\" class=\"attachment-medium size-medium\" alt=\"\" loading=\"lazy\" srcset=\"https:\/\/www.baihemedical.eu\/wp-content\/uploads\/2020\/02\/pumps-300x200.jpg 300w, https:\/\/www.baihemedical.eu\/wp-content\/uploads\/2020\/02\/pumps-350x233.jpg 350w, https:\/\/www.baihemedical.eu\/wp-content\/uploads\/2020\/02\/pumps.jpg 450w\" sizes=\"(max-width: 300px) 100vw, 300px\" \/><\/div>\n\t\t<\/a>\n\t\t\t\t<div class=\"elementor-post__text\">\n\t\t\t\t<h2 class=\"elementor-post__title\">\n\t\t\t<a href=\"https:\/\/www.baihemedical.eu\/pt\/committed-to-helping-you-help-others\/\" >\n\t\t\t\tComprometido em ajudar-te a ajudar os outros\t\t\t<\/a>\n\t\t<\/h2>\n\t\t\t\t<div class=\"elementor-post__meta-data\">\n\t\t\t\t\t<span class=\"elementor-post-date\">\n\t\t\t2 November 2021\t\t<\/span>\n\t\t\t\t<\/div>\n\t\t\t\t\t<a class=\"elementor-post__read-more\" href=\"https:\/\/www.baihemedical.eu\/pt\/committed-to-helping-you-help-others\/\" >\n\t\t\t\tRead More \u00bb\t\t\t<\/a>\n\t\t\t\t<\/div>\n\t\t\t\t<\/article>\n\t\t\t\t<article class=\"elementor-post elementor-grid-item post-1316 post type-post status-publish format-standard has-post-thumbnail hentry category-medical-fairs category-news\">\n\t\t\t\t<a class=\"elementor-post__thumbnail__link\" href=\"https:\/\/www.baihemedical.eu\/pt\/baihe-medical-appeared-in-china-medical-equipment-conference\/\" >\n\t\t\t<div class=\"elementor-post__thumbnail\"><img width=\"273\" height=\"300\" src=\"https:\/\/www.baihemedical.eu\/wp-content\/uploads\/2021\/09\/Conference-medical-equipment-july-2021-stand-02-1-273x300.jpg\" class=\"attachment-medium size-medium\" alt=\"\" loading=\"lazy\" srcset=\"https:\/\/www.baihemedical.eu\/wp-content\/uploads\/2021\/09\/Conference-medical-equipment-july-2021-stand-02-1-273x300.jpg 273w, https:\/\/www.baihemedical.eu\/wp-content\/uploads\/2021\/09\/Conference-medical-equipment-july-2021-stand-02-1-768x844.jpg 768w, https:\/\/www.baihemedical.eu\/wp-content\/uploads\/2021\/09\/Conference-medical-equipment-july-2021-stand-02-1-350x384.jpg 350w, https:\/\/www.baihemedical.eu\/wp-content\/uploads\/2021\/09\/Conference-medical-equipment-july-2021-stand-02-1.jpg 914w\" sizes=\"(max-width: 273px) 100vw, 273px\" \/><\/div>\n\t\t<\/a>\n\t\t\t\t<div class=\"elementor-post__text\">\n\t\t\t\t<h2 class=\"elementor-post__title\">\n\t\t\t<a href=\"https:\/\/www.baihemedical.eu\/pt\/baihe-medical-appeared-in-china-medical-equipment-conference\/\" >\n\t\t\t\tA Baihe Medical participou na Confer\u00eancia de Equipamentos M\u00e9dicos da China\t\t\t<\/a>\n\t\t<\/h2>\n\t\t\t\t<div class=\"elementor-post__meta-data\">\n\t\t\t\t\t<span class=\"elementor-post-date\">\n\t\t\t8 September 2021\t\t<\/span>\n\t\t\t\t<\/div>\n\t\t\t\t\t<a class=\"elementor-post__read-more\" href=\"https:\/\/www.baihemedical.eu\/pt\/baihe-medical-appeared-in-china-medical-equipment-conference\/\" >\n\t\t\t\tRead More \u00bb\t\t\t<\/a>\n\t\t\t\t<\/div>\n\t\t\t\t<\/article>\n\t\t\t\t<article class=\"elementor-post elementor-grid-item post-4170 post type-post status-publish format-standard has-post-thumbnail hentry category-placement-guidelines\">\n\t\t\t\t<a class=\"elementor-post__thumbnail__link\" href=\"https:\/\/www.baihemedical.eu\/pt\/central-venous-catheter-placement-guidelines\/\" >\n\t\t\t<div class=\"elementor-post__thumbnail\"><img width=\"288\" height=\"300\" src=\"https:\/\/www.baihemedical.eu\/wp-content\/uploads\/2021\/08\/inserting-dilator-hemodialysis-catheter-placement-2021-1-288x300.jpg\" class=\"attachment-medium size-medium\" alt=\"\" loading=\"lazy\" srcset=\"https:\/\/www.baihemedical.eu\/wp-content\/uploads\/2021\/08\/inserting-dilator-hemodialysis-catheter-placement-2021-1-288x300.jpg 288w, https:\/\/www.baihemedical.eu\/wp-content\/uploads\/2021\/08\/inserting-dilator-hemodialysis-catheter-placement-2021-1-350x365.jpg 350w, https:\/\/www.baihemedical.eu\/wp-content\/uploads\/2021\/08\/inserting-dilator-hemodialysis-catheter-placement-2021-1.jpg 472w\" sizes=\"(max-width: 288px) 100vw, 288px\" \/><\/div>\n\t\t<\/a>\n\t\t\t\t<div class=\"elementor-post__text\">\n\t\t\t\t<h2 class=\"elementor-post__title\">\n\t\t\t<a href=\"https:\/\/www.baihemedical.eu\/pt\/central-venous-catheter-placement-guidelines\/\" >\n\t\t\t\tCentral Venous Catheter Placement guidelines\t\t\t<\/a>\n\t\t<\/h2>\n\t\t\t\t<div class=\"elementor-post__meta-data\">\n\t\t\t\t\t<span class=\"elementor-post-date\">\n\t\t\t31 August 2021\t\t<\/span>\n\t\t\t\t<\/div>\n\t\t\t\t\t<a class=\"elementor-post__read-more\" href=\"https:\/\/www.baihemedical.eu\/pt\/central-venous-catheter-placement-guidelines\/\" >\n\t\t\t\tRead More \u00bb\t\t\t<\/a>\n\t\t\t\t<\/div>\n\t\t\t\t<\/article>\n\t\t\t\t<article class=\"elementor-post elementor-grid-item post-4171 post type-post status-publish format-standard has-post-thumbnail hentry category-baihe-news category-news\">\n\t\t\t\t<a class=\"elementor-post__thumbnail__link\" href=\"https:\/\/www.baihemedical.eu\/pt\/baihe-subsidiary-umt-was-listed-in-the-22nd-china-patent-award\/\" >\n\t\t\t<div class=\"elementor-post__thumbnail\"><img width=\"300\" height=\"123\" src=\"https:\/\/www.baihemedical.eu\/wp-content\/uploads\/2021\/08\/baihe-medical-original-lilies-300x123.jpg\" class=\"attachment-medium size-medium\" alt=\"\" loading=\"lazy\" srcset=\"https:\/\/www.baihemedical.eu\/wp-content\/uploads\/2021\/08\/baihe-medical-original-lilies-300x123.jpg 300w, https:\/\/www.baihemedical.eu\/wp-content\/uploads\/2021\/08\/baihe-medical-original-lilies-350x143.jpg 350w, https:\/\/www.baihemedical.eu\/wp-content\/uploads\/2021\/08\/baihe-medical-original-lilies.jpg 713w\" sizes=\"(max-width: 300px) 100vw, 300px\" \/><\/div>\n\t\t<\/a>\n\t\t\t\t<div class=\"elementor-post__text\">\n\t\t\t\t<h2 class=\"elementor-post__title\">\n\t\t\t<a href=\"https:\/\/www.baihemedical.eu\/pt\/baihe-subsidiary-umt-was-listed-in-the-22nd-china-patent-award\/\" >\n\t\t\t\tBaihe Subsidiary UMT Was Listed In The 22nd China Patent Award\t\t\t<\/a>\n\t\t<\/h2>\n\t\t\t\t<div class=\"elementor-post__meta-data\">\n\t\t\t\t\t<span class=\"elementor-post-date\">\n\t\t\t17 August 2021\t\t<\/span>\n\t\t\t\t<\/div>\n\t\t\t\t\t<a class=\"elementor-post__read-more\" href=\"https:\/\/www.baihemedical.eu\/pt\/baihe-subsidiary-umt-was-listed-in-the-22nd-china-patent-award\/\" >\n\t\t\t\tRead More \u00bb\t\t\t<\/a>\n\t\t\t\t<\/div>\n\t\t\t\t<\/article>\n\t\t\t\t<\/div>\n\n\n\t\t\n\t\t\t\t<div class=\"e-load-more-anchor\" data-page=\"1\" data-max-page=\"3\"><\/div>\n\t\t\t\t<nav class=\"elementor-pagination\" role=\"navigation\" aria-label=\"Pagination\">\n\t\t\t<span class=\"page-numbers prev\">&laquo; Previous<\/span>\n<a class=\"page-numbers next\" href=\"https:\/\/www.baihemedical.eu\/pt\/wp-json\/wp\/v2\/pages\/358\/page\/2\/\">Next &raquo;<\/a>\t\t<\/nav>\n\t\t\t\t<\/div>\n\t\t\t\t<\/div>\n\t\t\t\t<div class=\"elementor-element elementor-element-8801b75 elementor-widget elementor-widget-spacer\" data-id=\"8801b75\" data-element_type=\"widget\" data-widget_type=\"spacer.default\">\n\t\t\t\t<div class=\"elementor-widget-container\">\n\t\t\t\t\t<div class=\"elementor-spacer\">\n\t\t\t<div class=\"elementor-spacer-inner\"><\/div>\n\t\t<\/div>\n\t\t\t\t<\/div>\n\t\t\t\t<\/div>\n\t\t\t\t<div class=\"elementor-element elementor-element-e07aec6 elementor-widget elementor-widget-heading\" data-id=\"e07aec6\" data-element_type=\"widget\" data-widget_type=\"heading.default\">\n\t\t\t\t<div class=\"elementor-widget-container\">\n\t\t\t<h2 class=\"elementor-heading-title elementor-size-default\">BAIHE MEDICAL EUROPE<\/h2>\t\t<\/div>\n\t\t\t\t<\/div>\n\t\t\t\t<div class=\"elementor-element elementor-element-d76ecad elementor-widget elementor-widget-text-editor\" data-id=\"d76ecad\" data-element_type=\"widget\" data-widget_type=\"text-editor.default\">\n\t\t\t\t<div class=\"elementor-widget-container\">\n\t\t\t\t\t\t\t\t<div class=\"elementor-text-editor elementor-clearfix\">\n\t\t\t\t<p>A Baihe Medical Inc., l\u00edder em terapia de infus\u00e3o e gest\u00e3o da dor, desenvolve, fabrica e comercializa produtos e servi\u00e7os m\u00e9dicos inovadores para a ind\u00fastria da sa\u00fade. A empresa est\u00e1 comprometida em eliminar erros de tratamento evit\u00e1veis e em melhorar a seguran\u00e7a dos pacientes, cl\u00ednicos e ambientais.<\/p>\t\t\t\t\t<\/div>\n\t\t\t\t\t\t<\/div>\n\t\t\t\t<\/div>\n\t\t\t\t<div class=\"elementor-element elementor-element-03289b3 elementor-widget elementor-widget-spacer\" data-id=\"03289b3\" data-element_type=\"widget\" data-widget_type=\"spacer.default\">\n\t\t\t\t<div class=\"elementor-widget-container\">\n\t\t\t\t\t<div class=\"elementor-spacer\">\n\t\t\t<div class=\"elementor-spacer-inner\"><\/div>\n\t\t<\/div>\n\t\t\t\t<\/div>\n\t\t\t\t<\/div>\n\t\t\t\t\t\t<\/div>\n\t\t\t\t\t<\/div>\n\t\t<\/div>\n\t\t\t\t\t\t\t\t<\/div>\n\t\t\t\t\t<\/div>\n\t\t<\/section>\n\t\t\t\t\t\t<\/div>\n\t\t\t\t\t\t<\/div>\n\t\t\t\t\t<\/div>","protected":false},"excerpt":{"rendered":"<p>News &#038; Press Baihe News Medical Fairs Knowledge Kits BAIHE MEDICAL EUROPE Baihe Medical Inc., a leader in infusion therapy and pain management, develops, manufactures,<\/p>","protected":false},"author":1,"featured_media":0,"parent":0,"menu_order":0,"comment_status":"closed","ping_status":"closed","template":"elementor_header_footer","meta":[],"yoast_head":"<!-- This site is optimized with the Yoast SEO plugin v17.5 - https:\/\/yoast.com\/wordpress\/plugins\/seo\/ -->\n<title>News - BAIHE EUROPE<\/title>\n<meta name=\"robots\" content=\"index, follow, max-snippet:-1, max-image-preview:large, max-video-preview:-1\" \/>\n<link rel=\"canonical\" href=\"https:\/\/www.baihemedical.eu\/pt\/news\/\" \/>\n<meta property=\"og:locale\" content=\"pt_PT\" \/>\n<meta property=\"og:type\" content=\"article\" \/>\n<meta property=\"og:title\" content=\"News - BAIHE EUROPE\" \/>\n<meta property=\"og:description\" content=\"News &#038; Press Baihe News Medical Fairs Knowledge Kits BAIHE MEDICAL EUROPE Baihe Medical Inc., a leader in infusion therapy and pain management, develops, manufactures,\" \/>\n<meta property=\"og:url\" content=\"https:\/\/www.baihemedical.eu\/pt\/news\/\" \/>\n<meta property=\"og:site_name\" content=\"BAIHE EUROPE\" \/>\n<meta property=\"article:modified_time\" content=\"2026-04-02T13:32:06+00:00\" \/>\n<meta name=\"twitter:card\" content=\"summary_large_image\" \/>\n<meta name=\"twitter:label1\" content=\"Est. reading time\" \/>\n\t<meta name=\"twitter:data1\" content=\"2 minutes\" \/>\n<script type=\"application\/ld+json\" class=\"yoast-schema-graph\">{\"@context\":\"https:\/\/schema.org\",\"@graph\":[{\"@type\":\"WebSite\",\"@id\":\"https:\/\/www.baihemedical.eu\/#website\",\"url\":\"https:\/\/www.baihemedical.eu\/\",\"name\":\"BAIHE EUROPE\",\"description\":\"Production and sales of medical devices\",\"potentialAction\":[{\"@type\":\"SearchAction\",\"target\":{\"@type\":\"EntryPoint\",\"urlTemplate\":\"https:\/\/www.baihemedical.eu\/?s={search_term_string}\"},\"query-input\":\"required name=search_term_string\"}],\"inLanguage\":\"pt-PT\"},{\"@type\":\"WebPage\",\"@id\":\"https:\/\/www.baihemedical.eu\/news\/#webpage\",\"url\":\"https:\/\/www.baihemedical.eu\/news\/\",\"name\":\"News - BAIHE EUROPE\",\"isPartOf\":{\"@id\":\"https:\/\/www.baihemedical.eu\/#website\"},\"datePublished\":\"2021-11-02T09:23:47+00:00\",\"dateModified\":\"2026-04-02T13:32:06+00:00\",\"breadcrumb\":{\"@id\":\"https:\/\/www.baihemedical.eu\/news\/#breadcrumb\"},\"inLanguage\":\"pt-PT\",\"potentialAction\":[{\"@type\":\"ReadAction\",\"target\":[\"https:\/\/www.baihemedical.eu\/news\/\"]}]},{\"@type\":\"BreadcrumbList\",\"@id\":\"https:\/\/www.baihemedical.eu\/news\/#breadcrumb\",\"itemListElement\":[{\"@type\":\"ListItem\",\"position\":1,\"name\":\"News\"}]}]}<\/script>\n<!-- \/ Yoast SEO plugin. -->","yoast_head_json":{"title":"News - BAIHE EUROPE","robots":{"index":"index","follow":"follow","max-snippet":"max-snippet:-1","max-image-preview":"max-image-preview:large","max-video-preview":"max-video-preview:-1"},"canonical":"https:\/\/www.baihemedical.eu\/pt\/news\/","og_locale":"pt_PT","og_type":"article","og_title":"News - BAIHE EUROPE","og_description":"News &#038; Press Baihe News Medical Fairs Knowledge Kits BAIHE MEDICAL EUROPE Baihe Medical Inc., a leader in infusion therapy and pain management, develops, manufactures,","og_url":"https:\/\/www.baihemedical.eu\/pt\/news\/","og_site_name":"BAIHE EUROPE","article_modified_time":"2026-04-02T13:32:06+00:00","twitter_card":"summary_large_image","twitter_misc":{"Est. reading time":"2 minutes"},"schema":{"@context":"https:\/\/schema.org","@graph":[{"@type":"WebSite","@id":"https:\/\/www.baihemedical.eu\/#website","url":"https:\/\/www.baihemedical.eu\/","name":"BAIHE EUROPE","description":"Production and sales of medical devices","potentialAction":[{"@type":"SearchAction","target":{"@type":"EntryPoint","urlTemplate":"https:\/\/www.baihemedical.eu\/?s={search_term_string}"},"query-input":"required name=search_term_string"}],"inLanguage":"pt-PT"},{"@type":"WebPage","@id":"https:\/\/www.baihemedical.eu\/news\/#webpage","url":"https:\/\/www.baihemedical.eu\/news\/","name":"News - BAIHE EUROPE","isPartOf":{"@id":"https:\/\/www.baihemedical.eu\/#website"},"datePublished":"2021-11-02T09:23:47+00:00","dateModified":"2026-04-02T13:32:06+00:00","breadcrumb":{"@id":"https:\/\/www.baihemedical.eu\/news\/#breadcrumb"},"inLanguage":"pt-PT","potentialAction":[{"@type":"ReadAction","target":["https:\/\/www.baihemedical.eu\/news\/"]}]},{"@type":"BreadcrumbList","@id":"https:\/\/www.baihemedical.eu\/news\/#breadcrumb","itemListElement":[{"@type":"ListItem","position":1,"name":"News"}]}]}},"_links":{"self":[{"href":"https:\/\/www.baihemedical.eu\/pt\/wp-json\/wp\/v2\/pages\/358"}],"collection":[{"href":"https:\/\/www.baihemedical.eu\/pt\/wp-json\/wp\/v2\/pages"}],"about":[{"href":"https:\/\/www.baihemedical.eu\/pt\/wp-json\/wp\/v2\/types\/page"}],"author":[{"embeddable":true,"href":"https:\/\/www.baihemedical.eu\/pt\/wp-json\/wp\/v2\/users\/1"}],"replies":[{"embeddable":true,"href":"https:\/\/www.baihemedical.eu\/pt\/wp-json\/wp\/v2\/comments?post=358"}],"version-history":[{"count":59,"href":"https:\/\/www.baihemedical.eu\/pt\/wp-json\/wp\/v2\/pages\/358\/revisions"}],"predecessor-version":[{"id":4587,"href":"https:\/\/www.baihemedical.eu\/pt\/wp-json\/wp\/v2\/pages\/358\/revisions\/4587"}],"wp:attachment":[{"href":"https:\/\/www.baihemedical.eu\/pt\/wp-json\/wp\/v2\/media?parent=358"}],"curies":[{"name":"wp","href":"https:\/\/api.w.org\/{rel}","templated":true}]}}