{"id":4256,"date":"2025-09-30T08:58:02","date_gmt":"2025-09-30T06:58:02","guid":{"rendered":"https:\/\/www.baihemedical.eu\/?page_id=4256"},"modified":"2026-04-02T14:55:05","modified_gmt":"2026-04-02T12:55:05","slug":"accessories-products","status":"publish","type":"page","link":"https:\/\/www.baihemedical.eu\/fr\/accessories-products\/","title":{"rendered":"Accessories products"},"content":{"rendered":"<div data-elementor-type=\"wp-page\" data-elementor-id=\"4256\" class=\"elementor elementor-4256\" data-elementor-settings=\"[]\">\n\t\t\t\t\t\t<div class=\"elementor-inner\">\n\t\t\t\t\t\t\t<div class=\"elementor-section-wrap\">\n\t\t\t\t\t\t\t<section class=\"elementor-section elementor-top-section elementor-element elementor-element-2d949d1 elementor-section-boxed elementor-section-height-default elementor-section-height-default\" data-id=\"2d949d1\" data-element_type=\"section\" data-settings=\"{&quot;background_background&quot;:&quot;classic&quot;}\">\n\t\t\t\t\t\t\t<div class=\"elementor-background-overlay\"><\/div>\n\t\t\t\t\t\t\t<div class=\"elementor-container elementor-column-gap-default\">\n\t\t\t\t\t\t\t<div class=\"elementor-row\">\n\t\t\t\t\t<div class=\"elementor-column elementor-col-100 elementor-top-column elementor-element elementor-element-f4551f2\" data-id=\"f4551f2\" data-element_type=\"column\">\n\t\t\t<div class=\"elementor-column-wrap\">\n\t\t\t\t\t\t\t<div class=\"elementor-widget-wrap\">\n\t\t\t\t\t\t\t\t<\/div>\n\t\t\t\t\t<\/div>\n\t\t<\/div>\n\t\t\t\t\t\t\t\t<\/div>\n\t\t\t\t\t<\/div>\n\t\t<\/section>\n\t\t\t\t<section class=\"elementor-section elementor-top-section elementor-element elementor-element-9c058d2 pro-dropmenu elementor-section-boxed elementor-section-height-default elementor-section-height-default\" data-id=\"9c058d2\" data-element_type=\"section\" data-settings=\"{&quot;background_background&quot;:&quot;classic&quot;}\">\n\t\t\t\t\t\t\t<div class=\"elementor-background-overlay\"><\/div>\n\t\t\t\t\t\t\t<div class=\"elementor-container elementor-column-gap-default\">\n\t\t\t\t\t\t\t<div class=\"elementor-row\">\n\t\t\t\t\t<div class=\"elementor-column elementor-col-33 elementor-top-column elementor-element elementor-element-b17b53f\" data-id=\"b17b53f\" data-element_type=\"column\">\n\t\t\t<div class=\"elementor-column-wrap elementor-element-populated\">\n\t\t\t\t\t\t\t<div class=\"elementor-widget-wrap\">\n\t\t\t\t\t\t<div class=\"elementor-element elementor-element-8c1c6d3 elementor-widget elementor-widget-spacer\" data-id=\"8c1c6d3\" data-element_type=\"widget\" data-widget_type=\"spacer.default\">\n\t\t\t\t<div class=\"elementor-widget-container\">\n\t\t\t\t\t<div class=\"elementor-spacer\">\n\t\t\t<div class=\"elementor-spacer-inner\"><\/div>\n\t\t<\/div>\n\t\t\t\t<\/div>\n\t\t\t\t<\/div>\n\t\t\t\t<div class=\"elementor-element elementor-element-366fea5a elementor-widget elementor-widget-heading\" data-id=\"366fea5a\" data-element_type=\"widget\" data-widget_type=\"heading.default\">\n\t\t\t\t<div class=\"elementor-widget-container\">\n\t\t\t<h2 class=\"elementor-heading-title elementor-size-default\">Accessoires<\/h2>\t\t<\/div>\n\t\t\t\t<\/div>\n\t\t\t\t<div class=\"elementor-element elementor-element-09e8202 elementor-widget elementor-widget-eael-simple-menu\" data-id=\"09e8202\" data-element_type=\"widget\" data-widget_type=\"eael-simple-menu.default\">\n\t\t\t\t<div class=\"elementor-widget-container\">\n\t\t\t<div data-indicator-class=\"fas fa-angle-down\" data-dropdown-indicator-class=\"fas fa-angle-down\" class=\"eael-simple-menu-container eael-simple-menu-align-left eael-simple-menu-dropdown-align-left preset-1\"><ul id=\"menu-product_cat_menu_v2_acc\" class=\"eael-simple-menu eael-simple-menu-dropdown-animate-to-top eael-simple-menu-indicator eael-simple-menu-vertical\"><li id=\"menu-item-2460\" class=\"menu-item menu-item-type-custom menu-item-object-custom menu-item-2460\"><a href=\"#\" class=\"menu-link\">Anesth\u00e9sie<\/a><\/li>\n<li id=\"menu-item-2461\" class=\"menu-item menu-item-type-custom menu-item-object-custom menu-item-2461\"><a href=\"#\" class=\"menu-link\">\u00c9puration sanguine<\/a><\/li>\n<li id=\"menu-item-2462\" class=\"menu-item menu-item-type-custom menu-item-object-custom menu-item-2462\"><a href=\"#\" class=\"menu-link\">Perfusion<\/a><\/li>\n<li id=\"menu-item-2463\" class=\"menu-item menu-item-type-custom menu-item-object-custom menu-item-2463\"><a href=\"#\" class=\"menu-link\">Urologie<\/a><\/li>\n<li id=\"menu-item-4283\" class=\"menu-item menu-item-type-post_type menu-item-object-page menu-item-4283\"><a href=\"https:\/\/www.baihemedical.eu\/fr\/laparascopic-products\/\" class=\"menu-link\">Laparoscopie<\/a><\/li>\n<li id=\"menu-item-2464\" class=\"menu-item menu-item-type-custom menu-item-object-custom menu-item-2464\"><a href=\"#\" class=\"menu-link\">Soins des plaies<\/a><\/li>\n<li id=\"menu-item-4282\" class=\"menu-item menu-item-type-post_type menu-item-object-page menu-item-4282\"><a href=\"https:\/\/www.baihemedical.eu\/fr\/nursing-products\/\" class=\"menu-link\">Soins infirmiers<\/a><\/li>\n<\/ul><\/div>\t\t<\/div>\n\t\t\t\t<\/div>\n\t\t\t\t<div class=\"elementor-element elementor-element-f44e20c elementor-widget elementor-widget-spacer\" data-id=\"f44e20c\" data-element_type=\"widget\" data-widget_type=\"spacer.default\">\n\t\t\t\t<div class=\"elementor-widget-container\">\n\t\t\t\t\t<div class=\"elementor-spacer\">\n\t\t\t<div class=\"elementor-spacer-inner\"><\/div>\n\t\t<\/div>\n\t\t\t\t<\/div>\n\t\t\t\t<\/div>\n\t\t\t\t\t\t<\/div>\n\t\t\t\t\t<\/div>\n\t\t<\/div>\n\t\t\t\t<div class=\"elementor-column elementor-col-66 elementor-top-column elementor-element elementor-element-06dd2c5\" data-id=\"06dd2c5\" data-element_type=\"column\">\n\t\t\t<div class=\"elementor-column-wrap elementor-element-populated\">\n\t\t\t\t\t\t\t<div class=\"elementor-widget-wrap\">\n\t\t\t\t\t\t<div class=\"elementor-element elementor-element-8b2aa13 elementor-widget elementor-widget-spacer\" data-id=\"8b2aa13\" data-element_type=\"widget\" data-widget_type=\"spacer.default\">\n\t\t\t\t<div class=\"elementor-widget-container\">\n\t\t\t\t\t<div class=\"elementor-spacer\">\n\t\t\t<div class=\"elementor-spacer-inner\"><\/div>\n\t\t<\/div>\n\t\t\t\t<\/div>\n\t\t\t\t<\/div>\n\t\t\t\t<div class=\"elementor-element elementor-element-6e54842 elementor-widget elementor-widget-text-editor\" data-id=\"6e54842\" data-element_type=\"widget\" data-widget_type=\"text-editor.default\">\n\t\t\t\t<div class=\"elementor-widget-container\">\n\t\t\t\t\t\t\t\t<div class=\"elementor-text-editor elementor-clearfix\">\n\t\t\t\t<p>Figurant parmi les principaux fabricants de dispositifs m\u00e9dicaux en Chine, nous d\u00e9veloppons et fabriquons nos produits en nous appuyant sur une expertise reconnue et une longue exp\u00e9rience. Nous offrons la possibilit\u00e9 de concevoir des solutions sur mesure, parfaitement adapt\u00e9es \u00e0 vos besoins sp\u00e9cifiques. Nos services OEM mettent \u00e0 la disposition de nos partenaires internationaux d'importantes ressources et capacit\u00e9s de production, leur permettant de b\u00e9n\u00e9ficier des produits les plus r\u00e9cents et de r\u00e9pondre \u00e0 leurs exigences d'externalisation les plus pointues. Nous collaborons aujourd'hui avec de nombreuses entreprises leaders mondiales sur des projets OEM et de R&amp;D.<\/p>\t\t\t\t\t<\/div>\n\t\t\t\t\t\t<\/div>\n\t\t\t\t<\/div>\n\t\t\t\t<section class=\"elementor-section elementor-inner-section elementor-element elementor-element-7297061 elementor-section-boxed elementor-section-height-default elementor-section-height-default elementor-invisible\" data-id=\"7297061\" data-element_type=\"section\" data-settings=\"{&quot;animation&quot;:&quot;zoomIn&quot;}\">\n\t\t\t\t\t\t<div class=\"elementor-container elementor-column-gap-default\">\n\t\t\t\t\t\t\t<div class=\"elementor-row\">\n\t\t\t\t\t<div class=\"elementor-column elementor-col-33 elementor-inner-column elementor-element elementor-element-e48c638\" data-id=\"e48c638\" data-element_type=\"column\" data-settings=\"{&quot;background_background&quot;:&quot;classic&quot;}\">\n\t\t\t<div class=\"elementor-column-wrap elementor-element-populated\">\n\t\t\t\t\t\t\t<div class=\"elementor-widget-wrap\">\n\t\t\t\t\t\t<div class=\"elementor-element elementor-element-d4159c3 elementor-vertical-align-middle elementor-position-top elementor-widget elementor-widget-image-box\" data-id=\"d4159c3\" data-element_type=\"widget\" data-widget_type=\"image-box.default\">\n\t\t\t\t<div class=\"elementor-widget-container\">\n\t\t\t<div class=\"elementor-image-box-wrapper\"><figure class=\"elementor-image-box-img\"><a href=\"https:\/\/www.baihemedical.eu\/fr\/accessories-oem-products\/\"><img width=\"1600\" height=\"1067\" src=\"https:\/\/www.baihemedical.eu\/wp-content\/uploads\/2023\/03\/medical-accessories-00004.jpg\" class=\"attachment-full size-full\" alt=\"\" loading=\"lazy\" \/><\/a><\/figure><div class=\"elementor-image-box-content\"><h3 class=\"elementor-image-box-title\"><a href=\"https:\/\/www.baihemedical.eu\/fr\/accessories-oem-products\/\">Accessoires et \u00e9quipementiers<\/a><\/h3><\/div><\/div>\t\t<\/div>\n\t\t\t\t<\/div>\n\t\t\t\t\t\t<\/div>\n\t\t\t\t\t<\/div>\n\t\t<\/div>\n\t\t\t\t<div class=\"elementor-column elementor-col-33 elementor-inner-column elementor-element elementor-element-dffa50e\" data-id=\"dffa50e\" data-element_type=\"column\" data-settings=\"{&quot;background_background&quot;:&quot;classic&quot;}\">\n\t\t\t<div class=\"elementor-column-wrap elementor-element-populated\">\n\t\t\t\t\t<div class=\"elementor-background-overlay\"><\/div>\n\t\t\t\t\t\t\t<div class=\"elementor-widget-wrap\">\n\t\t\t\t\t\t<div class=\"elementor-element elementor-element-888faec elementor-vertical-align-middle elementor-position-top elementor-widget elementor-widget-image-box\" data-id=\"888faec\" data-element_type=\"widget\" data-widget_type=\"image-box.default\">\n\t\t\t\t<div class=\"elementor-widget-container\">\n\t\t\t<div class=\"elementor-image-box-wrapper\"><figure class=\"elementor-image-box-img\"><a href=\"https:\/\/www.baihemedical.eu\/fr\/accessories-products\/metal-guidewire\/\"><img src=\"https:\/\/www.baihemedical.eu\/wp-content\/uploads\/elementor\/thumbs\/long-term-hemodialysis-catheter-kit-01-Copy-1-q3rwu80n9hp080gqibnwae1cnh3dldz45xrqjtlory.jpg\" title=\"Long term hemodialysis catheter product\" alt=\"Long term hemodialysis catheter product\" \/><\/a><\/figure><div class=\"elementor-image-box-content\"><h3 class=\"elementor-image-box-title\"><a href=\"https:\/\/www.baihemedical.eu\/fr\/accessories-products\/metal-guidewire\/\">Fil guide<\/a><\/h3><\/div><\/div>\t\t<\/div>\n\t\t\t\t<\/div>\n\t\t\t\t\t\t<\/div>\n\t\t\t\t\t<\/div>\n\t\t<\/div>\n\t\t\t\t<div class=\"elementor-column elementor-col-33 elementor-inner-column elementor-element elementor-element-7cab57d\" data-id=\"7cab57d\" data-element_type=\"column\" data-settings=\"{&quot;background_background&quot;:&quot;classic&quot;}\">\n\t\t\t<div class=\"elementor-column-wrap\">\n\t\t\t\t\t\t\t<div class=\"elementor-widget-wrap\">\n\t\t\t\t\t\t\t\t<\/div>\n\t\t\t\t\t<\/div>\n\t\t<\/div>\n\t\t\t\t\t\t\t\t<\/div>\n\t\t\t\t\t<\/div>\n\t\t<\/section>\n\t\t\t\t<section class=\"elementor-section elementor-inner-section elementor-element elementor-element-c1ad7c4 elementor-section-boxed elementor-section-height-default elementor-section-height-default elementor-invisible\" data-id=\"c1ad7c4\" data-element_type=\"section\" data-settings=\"{&quot;animation&quot;:&quot;zoomIn&quot;}\">\n\t\t\t\t\t\t<div class=\"elementor-container elementor-column-gap-default\">\n\t\t\t\t\t\t\t<div class=\"elementor-row\">\n\t\t\t\t\t<div class=\"elementor-column elementor-col-33 elementor-inner-column elementor-element elementor-element-8a780c6\" data-id=\"8a780c6\" data-element_type=\"column\" data-settings=\"{&quot;background_background&quot;:&quot;classic&quot;}\">\n\t\t\t<div class=\"elementor-column-wrap\">\n\t\t\t\t\t\t\t<div class=\"elementor-widget-wrap\">\n\t\t\t\t\t\t\t\t<\/div>\n\t\t\t\t\t<\/div>\n\t\t<\/div>\n\t\t\t\t<div class=\"elementor-column elementor-col-33 elementor-inner-column elementor-element elementor-element-50f3dfc\" data-id=\"50f3dfc\" data-element_type=\"column\" data-settings=\"{&quot;background_background&quot;:&quot;classic&quot;}\">\n\t\t\t<div class=\"elementor-column-wrap\">\n\t\t\t\t\t\t\t<div class=\"elementor-widget-wrap\">\n\t\t\t\t\t\t\t\t<\/div>\n\t\t\t\t\t<\/div>\n\t\t<\/div>\n\t\t\t\t<div class=\"elementor-column elementor-col-33 elementor-inner-column elementor-element elementor-element-eb93aa5\" data-id=\"eb93aa5\" data-element_type=\"column\" data-settings=\"{&quot;background_background&quot;:&quot;classic&quot;}\">\n\t\t\t<div class=\"elementor-column-wrap\">\n\t\t\t\t\t\t\t<div class=\"elementor-widget-wrap\">\n\t\t\t\t\t\t\t\t<\/div>\n\t\t\t\t\t<\/div>\n\t\t<\/div>\n\t\t\t\t\t\t\t\t<\/div>\n\t\t\t\t\t<\/div>\n\t\t<\/section>\n\t\t\t\t<div class=\"elementor-element elementor-element-a545332 elementor-widget elementor-widget-spacer\" data-id=\"a545332\" data-element_type=\"widget\" data-widget_type=\"spacer.default\">\n\t\t\t\t<div class=\"elementor-widget-container\">\n\t\t\t\t\t<div class=\"elementor-spacer\">\n\t\t\t<div class=\"elementor-spacer-inner\"><\/div>\n\t\t<\/div>\n\t\t\t\t<\/div>\n\t\t\t\t<\/div>\n\t\t\t\t\t\t<\/div>\n\t\t\t\t\t<\/div>\n\t\t<\/div>\n\t\t\t\t\t\t\t\t<\/div>\n\t\t\t\t\t<\/div>\n\t\t<\/section>\n\t\t\t\t\t\t<\/div>\n\t\t\t\t\t\t<\/div>\n\t\t\t\t\t<\/div>","protected":false},"excerpt":{"rendered":"<p>ACCESSORIES Anesthesia Blood purification Infusion Urology Laparascopic Wound Care Nursing As one of the leading medical device manufacturer in China, we developed and manufactured based on expertise and many years of experience. We offer the opportunity to develop customised design or solutions that are perfectly adapted to the specific requirements. Our OEM services provide the &hellip;<\/p>\n<p class=\"read-more\"> <a class=\"\" href=\"https:\/\/www.baihemedical.eu\/fr\/accessories-products\/\"> <span class=\"screen-reader-text\">Accessories products<\/span> Lire la suite\u00a0\u00bb<\/a><\/p>","protected":false},"author":1,"featured_media":0,"parent":0,"menu_order":0,"comment_status":"closed","ping_status":"closed","template":"","meta":[],"yoast_head":"<!-- This site is optimized with the Yoast SEO plugin v17.5 - https:\/\/yoast.com\/wordpress\/plugins\/seo\/ -->\n<title>Accessories products - BAIHE EUROPE<\/title>\n<meta name=\"description\" content=\"Anesthesia category product list.\" \/>\n<meta name=\"robots\" content=\"index, follow, max-snippet:-1, max-image-preview:large, max-video-preview:-1\" \/>\n<link rel=\"canonical\" href=\"https:\/\/www.baihemedical.eu\/fr\/accessories-products\/\" \/>\n<meta property=\"og:locale\" content=\"fr_FR\" \/>\n<meta property=\"og:type\" content=\"article\" \/>\n<meta property=\"og:title\" content=\"Accessories products - BAIHE EUROPE\" \/>\n<meta property=\"og:description\" content=\"Anesthesia category product list.\" \/>\n<meta property=\"og:url\" content=\"https:\/\/www.baihemedical.eu\/fr\/accessories-products\/\" \/>\n<meta property=\"og:site_name\" content=\"BAIHE EUROPE\" \/>\n<meta property=\"article:modified_time\" content=\"2026-04-02T12:55:05+00:00\" \/>\n<meta property=\"og:image\" content=\"https:\/\/www.baihemedical.eu\/wp-content\/uploads\/2023\/03\/medical-accessories-00004.jpg\" \/>\n<meta name=\"twitter:card\" content=\"summary_large_image\" \/>\n<meta name=\"twitter:label1\" content=\"Dur\u00e9e de lecture est.\" \/>\n\t<meta name=\"twitter:data1\" content=\"1 minute\" \/>\n<script type=\"application\/ld+json\" class=\"yoast-schema-graph\">{\"@context\":\"https:\/\/schema.org\",\"@graph\":[{\"@type\":\"WebSite\",\"@id\":\"https:\/\/www.baihemedical.eu\/#website\",\"url\":\"https:\/\/www.baihemedical.eu\/\",\"name\":\"BAIHE EUROPE\",\"description\":\"Production and sales of medical devices\",\"potentialAction\":[{\"@type\":\"SearchAction\",\"target\":{\"@type\":\"EntryPoint\",\"urlTemplate\":\"https:\/\/www.baihemedical.eu\/?s={search_term_string}\"},\"query-input\":\"required name=search_term_string\"}],\"inLanguage\":\"fr-FR\"},{\"@type\":\"ImageObject\",\"@id\":\"https:\/\/www.baihemedical.eu\/accessories-products\/#primaryimage\",\"inLanguage\":\"fr-FR\",\"url\":\"https:\/\/www.baihemedical.eu\/wp-content\/uploads\/2023\/03\/medical-accessories-00004.jpg\",\"contentUrl\":\"https:\/\/www.baihemedical.eu\/wp-content\/uploads\/2023\/03\/medical-accessories-00004.jpg\",\"width\":1600,\"height\":1067},{\"@type\":\"WebPage\",\"@id\":\"https:\/\/www.baihemedical.eu\/accessories-products\/#webpage\",\"url\":\"https:\/\/www.baihemedical.eu\/accessories-products\/\",\"name\":\"Accessories products - BAIHE EUROPE\",\"isPartOf\":{\"@id\":\"https:\/\/www.baihemedical.eu\/#website\"},\"primaryImageOfPage\":{\"@id\":\"https:\/\/www.baihemedical.eu\/accessories-products\/#primaryimage\"},\"datePublished\":\"2025-09-30T06:58:02+00:00\",\"dateModified\":\"2026-04-02T12:55:05+00:00\",\"description\":\"Anesthesia category product list.\",\"breadcrumb\":{\"@id\":\"https:\/\/www.baihemedical.eu\/accessories-products\/#breadcrumb\"},\"inLanguage\":\"fr-FR\",\"potentialAction\":[{\"@type\":\"ReadAction\",\"target\":[\"https:\/\/www.baihemedical.eu\/accessories-products\/\"]}]},{\"@type\":\"BreadcrumbList\",\"@id\":\"https:\/\/www.baihemedical.eu\/accessories-products\/#breadcrumb\",\"itemListElement\":[{\"@type\":\"ListItem\",\"position\":1,\"name\":\"Accessories products\"}]}]}<\/script>\n<!-- \/ Yoast SEO plugin. -->","yoast_head_json":{"title":"Accessories products - BAIHE EUROPE","description":"Anesthesia category product list.","robots":{"index":"index","follow":"follow","max-snippet":"max-snippet:-1","max-image-preview":"max-image-preview:large","max-video-preview":"max-video-preview:-1"},"canonical":"https:\/\/www.baihemedical.eu\/fr\/accessories-products\/","og_locale":"fr_FR","og_type":"article","og_title":"Accessories products - BAIHE EUROPE","og_description":"Anesthesia category product list.","og_url":"https:\/\/www.baihemedical.eu\/fr\/accessories-products\/","og_site_name":"BAIHE EUROPE","article_modified_time":"2026-04-02T12:55:05+00:00","og_image":[{"url":"https:\/\/www.baihemedical.eu\/wp-content\/uploads\/2023\/03\/medical-accessories-00004.jpg"}],"twitter_card":"summary_large_image","twitter_misc":{"Dur\u00e9e de lecture est.":"1 minute"},"schema":{"@context":"https:\/\/schema.org","@graph":[{"@type":"WebSite","@id":"https:\/\/www.baihemedical.eu\/#website","url":"https:\/\/www.baihemedical.eu\/","name":"BAIHE EUROPE","description":"Production and sales of medical devices","potentialAction":[{"@type":"SearchAction","target":{"@type":"EntryPoint","urlTemplate":"https:\/\/www.baihemedical.eu\/?s={search_term_string}"},"query-input":"required name=search_term_string"}],"inLanguage":"fr-FR"},{"@type":"ImageObject","@id":"https:\/\/www.baihemedical.eu\/accessories-products\/#primaryimage","inLanguage":"fr-FR","url":"https:\/\/www.baihemedical.eu\/wp-content\/uploads\/2023\/03\/medical-accessories-00004.jpg","contentUrl":"https:\/\/www.baihemedical.eu\/wp-content\/uploads\/2023\/03\/medical-accessories-00004.jpg","width":1600,"height":1067},{"@type":"WebPage","@id":"https:\/\/www.baihemedical.eu\/accessories-products\/#webpage","url":"https:\/\/www.baihemedical.eu\/accessories-products\/","name":"Accessories products - BAIHE EUROPE","isPartOf":{"@id":"https:\/\/www.baihemedical.eu\/#website"},"primaryImageOfPage":{"@id":"https:\/\/www.baihemedical.eu\/accessories-products\/#primaryimage"},"datePublished":"2025-09-30T06:58:02+00:00","dateModified":"2026-04-02T12:55:05+00:00","description":"Anesthesia category product list.","breadcrumb":{"@id":"https:\/\/www.baihemedical.eu\/accessories-products\/#breadcrumb"},"inLanguage":"fr-FR","potentialAction":[{"@type":"ReadAction","target":["https:\/\/www.baihemedical.eu\/accessories-products\/"]}]},{"@type":"BreadcrumbList","@id":"https:\/\/www.baihemedical.eu\/accessories-products\/#breadcrumb","itemListElement":[{"@type":"ListItem","position":1,"name":"Accessories products"}]}]}},"_links":{"self":[{"href":"https:\/\/www.baihemedical.eu\/fr\/wp-json\/wp\/v2\/pages\/4256"}],"collection":[{"href":"https:\/\/www.baihemedical.eu\/fr\/wp-json\/wp\/v2\/pages"}],"about":[{"href":"https:\/\/www.baihemedical.eu\/fr\/wp-json\/wp\/v2\/types\/page"}],"author":[{"embeddable":true,"href":"https:\/\/www.baihemedical.eu\/fr\/wp-json\/wp\/v2\/users\/1"}],"replies":[{"embeddable":true,"href":"https:\/\/www.baihemedical.eu\/fr\/wp-json\/wp\/v2\/comments?post=4256"}],"version-history":[{"count":25,"href":"https:\/\/www.baihemedical.eu\/fr\/wp-json\/wp\/v2\/pages\/4256\/revisions"}],"predecessor-version":[{"id":4568,"href":"https:\/\/www.baihemedical.eu\/fr\/wp-json\/wp\/v2\/pages\/4256\/revisions\/4568"}],"wp:attachment":[{"href":"https:\/\/www.baihemedical.eu\/fr\/wp-json\/wp\/v2\/media?parent=4256"}],"curies":[{"name":"wp","href":"https:\/\/api.w.org\/{rel}","templated":true}]}}