{"id":358,"date":"2021-11-02T10:23:47","date_gmt":"2021-11-02T09:23:47","guid":{"rendered":"http:\/\/www.webndev.fr\/clientdev\/baiheeu2\/?page_id=358"},"modified":"2026-04-22T09:14:51","modified_gmt":"2026-04-22T07:14:51","slug":"news","status":"publish","type":"page","link":"https:\/\/www.baihemedical.eu\/fr\/news\/","title":{"rendered":"News"},"content":{"rendered":"<div data-elementor-type=\"wp-page\" data-elementor-id=\"358\" class=\"elementor elementor-358\" data-elementor-settings=\"[]\">\n\t\t\t\t\t\t<div class=\"elementor-inner\">\n\t\t\t\t\t\t\t<div class=\"elementor-section-wrap\">\n\t\t\t\t\t\t\t<section class=\"elementor-section elementor-top-section elementor-element elementor-element-ddf3079 elementor-section-boxed elementor-section-height-default elementor-section-height-default\" data-id=\"ddf3079\" data-element_type=\"section\">\n\t\t\t\t\t\t<div class=\"elementor-container elementor-column-gap-default\">\n\t\t\t\t\t\t\t<div class=\"elementor-row\">\n\t\t\t\t\t<div class=\"elementor-column elementor-col-33 elementor-top-column elementor-element elementor-element-a0e6b98\" data-id=\"a0e6b98\" data-element_type=\"column\">\n\t\t\t<div class=\"elementor-column-wrap elementor-element-populated\">\n\t\t\t\t\t\t\t<div class=\"elementor-widget-wrap\">\n\t\t\t\t\t\t<div class=\"elementor-element elementor-element-31e4b68 elementor-widget elementor-widget-spacer\" data-id=\"31e4b68\" data-element_type=\"widget\" data-widget_type=\"spacer.default\">\n\t\t\t\t<div class=\"elementor-widget-container\">\n\t\t\t\t\t<div class=\"elementor-spacer\">\n\t\t\t<div class=\"elementor-spacer-inner\"><\/div>\n\t\t<\/div>\n\t\t\t\t<\/div>\n\t\t\t\t<\/div>\n\t\t\t\t<div class=\"elementor-element elementor-element-6e88179 elementor-widget-divider--view-line elementor-widget elementor-widget-divider\" data-id=\"6e88179\" data-element_type=\"widget\" data-widget_type=\"divider.default\">\n\t\t\t\t<div class=\"elementor-widget-container\">\n\t\t\t\t\t<div class=\"elementor-divider\">\n\t\t\t<span class=\"elementor-divider-separator\">\n\t\t\t\t\t\t<\/span>\n\t\t<\/div>\n\t\t\t\t<\/div>\n\t\t\t\t<\/div>\n\t\t\t\t<div class=\"elementor-element elementor-element-3b629d1 elementor-widget elementor-widget-heading\" data-id=\"3b629d1\" data-element_type=\"widget\" data-widget_type=\"heading.default\">\n\t\t\t\t<div class=\"elementor-widget-container\">\n\t\t\t<h2 class=\"elementor-heading-title elementor-size-default\">Actualit\u00e9s &amp; Communiqu\u00e9s de Presse<\/h2>\t\t<\/div>\n\t\t\t\t<\/div>\n\t\t\t\t\t\t<\/div>\n\t\t\t\t\t<\/div>\n\t\t<\/div>\n\t\t\t\t<div class=\"elementor-column elementor-col-66 elementor-top-column elementor-element elementor-element-d98f9f4\" data-id=\"d98f9f4\" data-element_type=\"column\">\n\t\t\t<div class=\"elementor-column-wrap\">\n\t\t\t\t\t\t\t<div class=\"elementor-widget-wrap\">\n\t\t\t\t\t\t\t\t<\/div>\n\t\t\t\t\t<\/div>\n\t\t<\/div>\n\t\t\t\t\t\t\t\t<\/div>\n\t\t\t\t\t<\/div>\n\t\t<\/section>\n\t\t\t\t<section class=\"elementor-section elementor-top-section elementor-element elementor-element-11eb90d elementor-section-boxed elementor-section-height-default elementor-section-height-default\" data-id=\"11eb90d\" data-element_type=\"section\">\n\t\t\t\t\t\t<div class=\"elementor-container elementor-column-gap-default\">\n\t\t\t\t\t\t\t<div class=\"elementor-row\">\n\t\t\t\t\t<div class=\"elementor-column elementor-col-20 elementor-top-column elementor-element elementor-element-6989e74\" data-id=\"6989e74\" data-element_type=\"column\">\n\t\t\t<div class=\"elementor-column-wrap elementor-element-populated\">\n\t\t\t\t\t\t\t<div class=\"elementor-widget-wrap\">\n\t\t\t\t\t\t<div class=\"elementor-element elementor-element-23bc918 elementor-widget elementor-widget-text-editor\" data-id=\"23bc918\" data-element_type=\"widget\" data-widget_type=\"text-editor.default\">\n\t\t\t\t<div class=\"elementor-widget-container\">\n\t\t\t\t\t\t\t\t<div class=\"elementor-text-editor elementor-clearfix\">\n\t\t\t\t<h3><a href=\"https:\/\/www.baihemedical.eu\/fr\/category\/baihe-news\/\">Actualit\u00e9s Baihe<\/a><\/h3>\t\t\t\t\t<\/div>\n\t\t\t\t\t\t<\/div>\n\t\t\t\t<\/div>\n\t\t\t\t\t\t<\/div>\n\t\t\t\t\t<\/div>\n\t\t<\/div>\n\t\t\t\t<div class=\"elementor-column elementor-col-20 elementor-top-column elementor-element elementor-element-8be0336\" data-id=\"8be0336\" data-element_type=\"column\">\n\t\t\t<div class=\"elementor-column-wrap elementor-element-populated\">\n\t\t\t\t\t\t\t<div class=\"elementor-widget-wrap\">\n\t\t\t\t\t\t<div class=\"elementor-element elementor-element-4b7cd3a elementor-widget elementor-widget-text-editor\" data-id=\"4b7cd3a\" data-element_type=\"widget\" data-widget_type=\"text-editor.default\">\n\t\t\t\t<div class=\"elementor-widget-container\">\n\t\t\t\t\t\t\t\t<div class=\"elementor-text-editor elementor-clearfix\">\n\t\t\t\t<h3><a href=\"https:\/\/www.baihemedical.eu\/fr\/category\/medical-fairs\/\">Salons M\u00e9dicaux<\/a><\/h3>\t\t\t\t\t<\/div>\n\t\t\t\t\t\t<\/div>\n\t\t\t\t<\/div>\n\t\t\t\t\t\t<\/div>\n\t\t\t\t\t<\/div>\n\t\t<\/div>\n\t\t\t\t<div class=\"elementor-column elementor-col-20 elementor-top-column elementor-element elementor-element-04442fd\" data-id=\"04442fd\" data-element_type=\"column\">\n\t\t\t<div class=\"elementor-column-wrap elementor-element-populated\">\n\t\t\t\t\t\t\t<div class=\"elementor-widget-wrap\">\n\t\t\t\t\t\t<div class=\"elementor-element elementor-element-2ee645c elementor-widget elementor-widget-text-editor\" data-id=\"2ee645c\" data-element_type=\"widget\" data-widget_type=\"text-editor.default\">\n\t\t\t\t<div class=\"elementor-widget-container\">\n\t\t\t\t\t\t\t\t<div class=\"elementor-text-editor elementor-clearfix\">\n\t\t\t\t<h3><a href=\"#\">Fiches pratiques<\/a><\/h3>\t\t\t\t\t<\/div>\n\t\t\t\t\t\t<\/div>\n\t\t\t\t<\/div>\n\t\t\t\t\t\t<\/div>\n\t\t\t\t\t<\/div>\n\t\t<\/div>\n\t\t\t\t<div class=\"elementor-column elementor-col-20 elementor-top-column elementor-element elementor-element-f403f72\" data-id=\"f403f72\" data-element_type=\"column\">\n\t\t\t<div class=\"elementor-column-wrap\">\n\t\t\t\t\t\t\t<div class=\"elementor-widget-wrap\">\n\t\t\t\t\t\t\t\t<\/div>\n\t\t\t\t\t<\/div>\n\t\t<\/div>\n\t\t\t\t<div class=\"elementor-column elementor-col-20 elementor-top-column elementor-element elementor-element-9bdcc24\" data-id=\"9bdcc24\" data-element_type=\"column\">\n\t\t\t<div class=\"elementor-column-wrap\">\n\t\t\t\t\t\t\t<div class=\"elementor-widget-wrap\">\n\t\t\t\t\t\t\t\t<\/div>\n\t\t\t\t\t<\/div>\n\t\t<\/div>\n\t\t\t\t\t\t\t\t<\/div>\n\t\t\t\t\t<\/div>\n\t\t<\/section>\n\t\t\t\t<section class=\"elementor-section elementor-top-section elementor-element elementor-element-2e090c9 news-blog elementor-section-boxed elementor-section-height-default elementor-section-height-default\" data-id=\"2e090c9\" data-element_type=\"section\">\n\t\t\t\t\t\t<div class=\"elementor-container elementor-column-gap-default\">\n\t\t\t\t\t\t\t<div class=\"elementor-row\">\n\t\t\t\t\t<div class=\"elementor-column elementor-col-100 elementor-top-column elementor-element elementor-element-2807684\" data-id=\"2807684\" data-element_type=\"column\">\n\t\t\t<div class=\"elementor-column-wrap elementor-element-populated\">\n\t\t\t\t\t\t\t<div class=\"elementor-widget-wrap\">\n\t\t\t\t\t\t<div class=\"elementor-element elementor-element-faad241 elementor-grid-3 elementor-grid-tablet-2 elementor-grid-mobile-1 elementor-posts--thumbnail-top elementor-widget elementor-widget-posts\" data-id=\"faad241\" data-element_type=\"widget\" data-settings=\"{&quot;pagination_type&quot;:&quot;prev_next&quot;,&quot;classic_columns&quot;:&quot;3&quot;,&quot;classic_columns_tablet&quot;:&quot;2&quot;,&quot;classic_columns_mobile&quot;:&quot;1&quot;,&quot;classic_row_gap&quot;:{&quot;unit&quot;:&quot;px&quot;,&quot;size&quot;:35,&quot;sizes&quot;:[]}}\" data-widget_type=\"posts.classic\">\n\t\t\t\t<div class=\"elementor-widget-container\">\n\t\t\t\t\t<div class=\"elementor-posts-container elementor-posts elementor-posts--skin-classic elementor-grid\">\n\t\t\t\t<article class=\"elementor-post elementor-grid-item post-4175 post type-post status-publish format-standard has-post-thumbnail hentry category-clinical-use-cases\">\n\t\t\t\t<a class=\"elementor-post__thumbnail__link\" href=\"https:\/\/www.baihemedical.eu\/fr\/clinical-use-cases-of-hemodialysis-hemoperfusion\/\" >\n\t\t\t<div class=\"elementor-post__thumbnail\"><img width=\"300\" height=\"223\" src=\"https:\/\/www.baihemedical.eu\/wp-content\/uploads\/2022\/01\/hemodialysishemoperfusion-treatement-animation-300x223.gif\" class=\"attachment-medium size-medium\" alt=\"\" loading=\"lazy\" srcset=\"https:\/\/www.baihemedical.eu\/wp-content\/uploads\/2022\/01\/hemodialysishemoperfusion-treatement-animation-300x223.gif 300w, https:\/\/www.baihemedical.eu\/wp-content\/uploads\/2022\/01\/hemodialysishemoperfusion-treatement-animation-350x260.gif 350w\" sizes=\"(max-width: 300px) 100vw, 300px\" \/><\/div>\n\t\t<\/a>\n\t\t\t\t<div class=\"elementor-post__text\">\n\t\t\t\t<h2 class=\"elementor-post__title\">\n\t\t\t<a href=\"https:\/\/www.baihemedical.eu\/fr\/clinical-use-cases-of-hemodialysis-hemoperfusion\/\" >\n\t\t\t\tClinical use cases of hemodialysis + hemoperfusion\t\t\t<\/a>\n\t\t<\/h2>\n\t\t\t\t<div class=\"elementor-post__meta-data\">\n\t\t\t\t\t<span class=\"elementor-post-date\">\n\t\t\t12 janvier 2022\t\t<\/span>\n\t\t\t\t<\/div>\n\t\t\t\t\t<a class=\"elementor-post__read-more\" href=\"https:\/\/www.baihemedical.eu\/fr\/clinical-use-cases-of-hemodialysis-hemoperfusion\/\" >\n\t\t\t\tRead More \u00bb\t\t\t<\/a>\n\t\t\t\t<\/div>\n\t\t\t\t<\/article>\n\t\t\t\t<article class=\"elementor-post elementor-grid-item post-4174 post type-post status-publish format-standard has-post-thumbnail hentry category-how-to-guide\">\n\t\t\t\t<a class=\"elementor-post__thumbnail__link\" href=\"https:\/\/www.baihemedical.eu\/fr\/how-to-choose-a-right-dressing\/\" >\n\t\t\t<div class=\"elementor-post__thumbnail\"><img width=\"300\" height=\"185\" src=\"https:\/\/www.baihemedical.eu\/wp-content\/uploads\/2022\/01\/exudate-level-time-of-healing-scheme-baihemedical-300x185.jpg\" class=\"attachment-medium size-medium\" alt=\"\" loading=\"lazy\" srcset=\"https:\/\/www.baihemedical.eu\/wp-content\/uploads\/2022\/01\/exudate-level-time-of-healing-scheme-baihemedical-300x185.jpg 300w, https:\/\/www.baihemedical.eu\/wp-content\/uploads\/2022\/01\/exudate-level-time-of-healing-scheme-baihemedical-350x215.jpg 350w, https:\/\/www.baihemedical.eu\/wp-content\/uploads\/2022\/01\/exudate-level-time-of-healing-scheme-baihemedical.jpg 652w\" sizes=\"(max-width: 300px) 100vw, 300px\" \/><\/div>\n\t\t<\/a>\n\t\t\t\t<div class=\"elementor-post__text\">\n\t\t\t\t<h2 class=\"elementor-post__title\">\n\t\t\t<a href=\"https:\/\/www.baihemedical.eu\/fr\/how-to-choose-a-right-dressing\/\" >\n\t\t\t\tHow to choose a right dressing\t\t\t<\/a>\n\t\t<\/h2>\n\t\t\t\t<div class=\"elementor-post__meta-data\">\n\t\t\t\t\t<span class=\"elementor-post-date\">\n\t\t\t7 janvier 2022\t\t<\/span>\n\t\t\t\t<\/div>\n\t\t\t\t\t<a class=\"elementor-post__read-more\" href=\"https:\/\/www.baihemedical.eu\/fr\/how-to-choose-a-right-dressing\/\" >\n\t\t\t\tRead More \u00bb\t\t\t<\/a>\n\t\t\t\t<\/div>\n\t\t\t\t<\/article>\n\t\t\t\t<article class=\"elementor-post elementor-grid-item post-363 post type-post status-publish format-standard has-post-thumbnail hentry category-news\">\n\t\t\t\t<a class=\"elementor-post__thumbnail__link\" href=\"https:\/\/www.baihemedical.eu\/fr\/committed-to-helping-you-help-others\/\" >\n\t\t\t<div class=\"elementor-post__thumbnail\"><img width=\"300\" height=\"200\" src=\"https:\/\/www.baihemedical.eu\/wp-content\/uploads\/2020\/02\/pumps-300x200.jpg\" class=\"attachment-medium size-medium\" alt=\"\" loading=\"lazy\" srcset=\"https:\/\/www.baihemedical.eu\/wp-content\/uploads\/2020\/02\/pumps-300x200.jpg 300w, https:\/\/www.baihemedical.eu\/wp-content\/uploads\/2020\/02\/pumps-350x233.jpg 350w, https:\/\/www.baihemedical.eu\/wp-content\/uploads\/2020\/02\/pumps.jpg 450w\" sizes=\"(max-width: 300px) 100vw, 300px\" \/><\/div>\n\t\t<\/a>\n\t\t\t\t<div class=\"elementor-post__text\">\n\t\t\t\t<h2 class=\"elementor-post__title\">\n\t\t\t<a href=\"https:\/\/www.baihemedical.eu\/fr\/committed-to-helping-you-help-others\/\" >\n\t\t\t\tCommitted to helping you help others\t\t\t<\/a>\n\t\t<\/h2>\n\t\t\t\t<div class=\"elementor-post__meta-data\">\n\t\t\t\t\t<span class=\"elementor-post-date\">\n\t\t\t2 novembre 2021\t\t<\/span>\n\t\t\t\t<\/div>\n\t\t\t\t\t<a class=\"elementor-post__read-more\" href=\"https:\/\/www.baihemedical.eu\/fr\/committed-to-helping-you-help-others\/\" >\n\t\t\t\tRead More \u00bb\t\t\t<\/a>\n\t\t\t\t<\/div>\n\t\t\t\t<\/article>\n\t\t\t\t<article class=\"elementor-post elementor-grid-item post-1316 post type-post status-publish format-standard has-post-thumbnail hentry category-medical-fairs category-news\">\n\t\t\t\t<a class=\"elementor-post__thumbnail__link\" href=\"https:\/\/www.baihemedical.eu\/fr\/baihe-medical-appeared-in-china-medical-equipment-conference\/\" >\n\t\t\t<div class=\"elementor-post__thumbnail\"><img width=\"273\" height=\"300\" src=\"https:\/\/www.baihemedical.eu\/wp-content\/uploads\/2021\/09\/Conference-medical-equipment-july-2021-stand-02-1-273x300.jpg\" class=\"attachment-medium size-medium\" alt=\"\" loading=\"lazy\" srcset=\"https:\/\/www.baihemedical.eu\/wp-content\/uploads\/2021\/09\/Conference-medical-equipment-july-2021-stand-02-1-273x300.jpg 273w, https:\/\/www.baihemedical.eu\/wp-content\/uploads\/2021\/09\/Conference-medical-equipment-july-2021-stand-02-1-768x844.jpg 768w, https:\/\/www.baihemedical.eu\/wp-content\/uploads\/2021\/09\/Conference-medical-equipment-july-2021-stand-02-1-350x384.jpg 350w, https:\/\/www.baihemedical.eu\/wp-content\/uploads\/2021\/09\/Conference-medical-equipment-july-2021-stand-02-1.jpg 914w\" sizes=\"(max-width: 273px) 100vw, 273px\" \/><\/div>\n\t\t<\/a>\n\t\t\t\t<div class=\"elementor-post__text\">\n\t\t\t\t<h2 class=\"elementor-post__title\">\n\t\t\t<a href=\"https:\/\/www.baihemedical.eu\/fr\/baihe-medical-appeared-in-china-medical-equipment-conference\/\" >\n\t\t\t\tBaihe Medical Appeared In China Medical Equipment Conference\t\t\t<\/a>\n\t\t<\/h2>\n\t\t\t\t<div class=\"elementor-post__meta-data\">\n\t\t\t\t\t<span class=\"elementor-post-date\">\n\t\t\t8 septembre 2021\t\t<\/span>\n\t\t\t\t<\/div>\n\t\t\t\t\t<a class=\"elementor-post__read-more\" href=\"https:\/\/www.baihemedical.eu\/fr\/baihe-medical-appeared-in-china-medical-equipment-conference\/\" >\n\t\t\t\tRead More \u00bb\t\t\t<\/a>\n\t\t\t\t<\/div>\n\t\t\t\t<\/article>\n\t\t\t\t<article class=\"elementor-post elementor-grid-item post-4170 post type-post status-publish format-standard has-post-thumbnail hentry category-placement-guidelines\">\n\t\t\t\t<a class=\"elementor-post__thumbnail__link\" href=\"https:\/\/www.baihemedical.eu\/fr\/central-venous-catheter-placement-guidelines\/\" >\n\t\t\t<div class=\"elementor-post__thumbnail\"><img width=\"288\" height=\"300\" src=\"https:\/\/www.baihemedical.eu\/wp-content\/uploads\/2021\/08\/inserting-dilator-hemodialysis-catheter-placement-2021-1-288x300.jpg\" class=\"attachment-medium size-medium\" alt=\"\" loading=\"lazy\" srcset=\"https:\/\/www.baihemedical.eu\/wp-content\/uploads\/2021\/08\/inserting-dilator-hemodialysis-catheter-placement-2021-1-288x300.jpg 288w, https:\/\/www.baihemedical.eu\/wp-content\/uploads\/2021\/08\/inserting-dilator-hemodialysis-catheter-placement-2021-1-350x365.jpg 350w, https:\/\/www.baihemedical.eu\/wp-content\/uploads\/2021\/08\/inserting-dilator-hemodialysis-catheter-placement-2021-1.jpg 472w\" sizes=\"(max-width: 288px) 100vw, 288px\" \/><\/div>\n\t\t<\/a>\n\t\t\t\t<div class=\"elementor-post__text\">\n\t\t\t\t<h2 class=\"elementor-post__title\">\n\t\t\t<a href=\"https:\/\/www.baihemedical.eu\/fr\/central-venous-catheter-placement-guidelines\/\" >\n\t\t\t\tCentral Venous Catheter Placement guidelines\t\t\t<\/a>\n\t\t<\/h2>\n\t\t\t\t<div class=\"elementor-post__meta-data\">\n\t\t\t\t\t<span class=\"elementor-post-date\">\n\t\t\t31 ao\u00fbt 2021\t\t<\/span>\n\t\t\t\t<\/div>\n\t\t\t\t\t<a class=\"elementor-post__read-more\" href=\"https:\/\/www.baihemedical.eu\/fr\/central-venous-catheter-placement-guidelines\/\" >\n\t\t\t\tRead More \u00bb\t\t\t<\/a>\n\t\t\t\t<\/div>\n\t\t\t\t<\/article>\n\t\t\t\t<article class=\"elementor-post elementor-grid-item post-4171 post type-post status-publish format-standard has-post-thumbnail hentry category-baihe-news category-news\">\n\t\t\t\t<a class=\"elementor-post__thumbnail__link\" href=\"https:\/\/www.baihemedical.eu\/fr\/baihe-subsidiary-umt-was-listed-in-the-22nd-china-patent-award\/\" >\n\t\t\t<div class=\"elementor-post__thumbnail\"><img width=\"300\" height=\"123\" src=\"https:\/\/www.baihemedical.eu\/wp-content\/uploads\/2021\/08\/baihe-medical-original-lilies-300x123.jpg\" class=\"attachment-medium size-medium\" alt=\"\" loading=\"lazy\" srcset=\"https:\/\/www.baihemedical.eu\/wp-content\/uploads\/2021\/08\/baihe-medical-original-lilies-300x123.jpg 300w, https:\/\/www.baihemedical.eu\/wp-content\/uploads\/2021\/08\/baihe-medical-original-lilies-350x143.jpg 350w, https:\/\/www.baihemedical.eu\/wp-content\/uploads\/2021\/08\/baihe-medical-original-lilies.jpg 713w\" sizes=\"(max-width: 300px) 100vw, 300px\" \/><\/div>\n\t\t<\/a>\n\t\t\t\t<div class=\"elementor-post__text\">\n\t\t\t\t<h2 class=\"elementor-post__title\">\n\t\t\t<a href=\"https:\/\/www.baihemedical.eu\/fr\/baihe-subsidiary-umt-was-listed-in-the-22nd-china-patent-award\/\" >\n\t\t\t\tBaihe Subsidiary UMT Was Listed In The 22nd China Patent Award\t\t\t<\/a>\n\t\t<\/h2>\n\t\t\t\t<div class=\"elementor-post__meta-data\">\n\t\t\t\t\t<span class=\"elementor-post-date\">\n\t\t\t17 ao\u00fbt 2021\t\t<\/span>\n\t\t\t\t<\/div>\n\t\t\t\t\t<a class=\"elementor-post__read-more\" href=\"https:\/\/www.baihemedical.eu\/fr\/baihe-subsidiary-umt-was-listed-in-the-22nd-china-patent-award\/\" >\n\t\t\t\tRead More \u00bb\t\t\t<\/a>\n\t\t\t\t<\/div>\n\t\t\t\t<\/article>\n\t\t\t\t<\/div>\n\n\n\t\t\n\t\t\t\t<div class=\"e-load-more-anchor\" data-page=\"1\" data-max-page=\"3\"><\/div>\n\t\t\t\t<nav class=\"elementor-pagination\" role=\"navigation\" aria-label=\"Pagination\">\n\t\t\t<span class=\"page-numbers prev\">&laquo; Previous<\/span>\n<a class=\"page-numbers next\" href=\"https:\/\/www.baihemedical.eu\/fr\/wp-json\/wp\/v2\/pages\/358\/page\/2\/\">Next &raquo;<\/a>\t\t<\/nav>\n\t\t\t\t<\/div>\n\t\t\t\t<\/div>\n\t\t\t\t<div class=\"elementor-element elementor-element-8801b75 elementor-widget elementor-widget-spacer\" data-id=\"8801b75\" data-element_type=\"widget\" data-widget_type=\"spacer.default\">\n\t\t\t\t<div class=\"elementor-widget-container\">\n\t\t\t\t\t<div class=\"elementor-spacer\">\n\t\t\t<div class=\"elementor-spacer-inner\"><\/div>\n\t\t<\/div>\n\t\t\t\t<\/div>\n\t\t\t\t<\/div>\n\t\t\t\t<div class=\"elementor-element elementor-element-e07aec6 elementor-widget elementor-widget-heading\" data-id=\"e07aec6\" data-element_type=\"widget\" data-widget_type=\"heading.default\">\n\t\t\t\t<div class=\"elementor-widget-container\">\n\t\t\t<h2 class=\"elementor-heading-title elementor-size-default\">BAIHE MEDICAL EUROPE<\/h2>\t\t<\/div>\n\t\t\t\t<\/div>\n\t\t\t\t<div class=\"elementor-element elementor-element-d76ecad elementor-widget elementor-widget-text-editor\" data-id=\"d76ecad\" data-element_type=\"widget\" data-widget_type=\"text-editor.default\">\n\t\t\t\t<div class=\"elementor-widget-container\">\n\t\t\t\t\t\t\t\t<div class=\"elementor-text-editor elementor-clearfix\">\n\t\t\t\tBaihe Medical Inc., acteur majeur dans le domaine des dispositifs m\u00e9dicaux \u00e0 usage unique, s\u2019investit dans la recherche et d\u00e9veloppement ainsi que dans la fabrication depuis 1999. Nous nous engageons \u00e0 \u00e9liminer les erreurs m\u00e9dicales \u00e9vitables et \u00e0 am\u00e9liorer la s\u00e9curit\u00e9 des patients, des cliniciens et de l\u2019environnement.\t\t\t\t\t<\/div>\n\t\t\t\t\t\t<\/div>\n\t\t\t\t<\/div>\n\t\t\t\t<div class=\"elementor-element elementor-element-03289b3 elementor-widget elementor-widget-spacer\" data-id=\"03289b3\" data-element_type=\"widget\" data-widget_type=\"spacer.default\">\n\t\t\t\t<div class=\"elementor-widget-container\">\n\t\t\t\t\t<div class=\"elementor-spacer\">\n\t\t\t<div class=\"elementor-spacer-inner\"><\/div>\n\t\t<\/div>\n\t\t\t\t<\/div>\n\t\t\t\t<\/div>\n\t\t\t\t\t\t<\/div>\n\t\t\t\t\t<\/div>\n\t\t<\/div>\n\t\t\t\t\t\t\t\t<\/div>\n\t\t\t\t\t<\/div>\n\t\t<\/section>\n\t\t\t\t\t\t<\/div>\n\t\t\t\t\t\t<\/div>\n\t\t\t\t\t<\/div>","protected":false},"excerpt":{"rendered":"<p>News &#038; Press Baihe News Medical Fairs Knowledge Kits BAIHE MEDICAL EUROPE Baihe Medical Inc., a leader in the field of disposable medical devices, has<\/p>","protected":false},"author":1,"featured_media":0,"parent":0,"menu_order":0,"comment_status":"closed","ping_status":"closed","template":"elementor_header_footer","meta":[],"yoast_head":"<!-- This site is optimized with the Yoast SEO plugin v17.5 - https:\/\/yoast.com\/wordpress\/plugins\/seo\/ -->\n<title>News - BAIHE EUROPE<\/title>\n<meta name=\"robots\" content=\"index, follow, max-snippet:-1, max-image-preview:large, max-video-preview:-1\" \/>\n<link rel=\"canonical\" href=\"https:\/\/www.baihemedical.eu\/fr\/news\/\" \/>\n<meta property=\"og:locale\" content=\"fr_FR\" \/>\n<meta property=\"og:type\" content=\"article\" \/>\n<meta property=\"og:title\" content=\"News - BAIHE EUROPE\" \/>\n<meta property=\"og:description\" content=\"News &#038; Press Baihe News Medical Fairs Knowledge Kits BAIHE MEDICAL EUROPE Baihe Medical Inc., a leader in the field of disposable medical devices, has\" \/>\n<meta property=\"og:url\" content=\"https:\/\/www.baihemedical.eu\/fr\/news\/\" \/>\n<meta property=\"og:site_name\" content=\"BAIHE EUROPE\" \/>\n<meta property=\"article:modified_time\" content=\"2026-04-22T07:14:51+00:00\" \/>\n<meta name=\"twitter:card\" content=\"summary_large_image\" \/>\n<meta name=\"twitter:label1\" content=\"Dur\u00e9e de lecture est.\" \/>\n\t<meta name=\"twitter:data1\" content=\"2 minutes\" \/>\n<script type=\"application\/ld+json\" class=\"yoast-schema-graph\">{\"@context\":\"https:\/\/schema.org\",\"@graph\":[{\"@type\":\"WebSite\",\"@id\":\"https:\/\/www.baihemedical.eu\/#website\",\"url\":\"https:\/\/www.baihemedical.eu\/\",\"name\":\"BAIHE EUROPE\",\"description\":\"Production and sales of medical devices\",\"potentialAction\":[{\"@type\":\"SearchAction\",\"target\":{\"@type\":\"EntryPoint\",\"urlTemplate\":\"https:\/\/www.baihemedical.eu\/?s={search_term_string}\"},\"query-input\":\"required name=search_term_string\"}],\"inLanguage\":\"fr-FR\"},{\"@type\":\"WebPage\",\"@id\":\"https:\/\/www.baihemedical.eu\/news\/#webpage\",\"url\":\"https:\/\/www.baihemedical.eu\/news\/\",\"name\":\"News - BAIHE EUROPE\",\"isPartOf\":{\"@id\":\"https:\/\/www.baihemedical.eu\/#website\"},\"datePublished\":\"2021-11-02T09:23:47+00:00\",\"dateModified\":\"2026-04-22T07:14:51+00:00\",\"breadcrumb\":{\"@id\":\"https:\/\/www.baihemedical.eu\/news\/#breadcrumb\"},\"inLanguage\":\"fr-FR\",\"potentialAction\":[{\"@type\":\"ReadAction\",\"target\":[\"https:\/\/www.baihemedical.eu\/news\/\"]}]},{\"@type\":\"BreadcrumbList\",\"@id\":\"https:\/\/www.baihemedical.eu\/news\/#breadcrumb\",\"itemListElement\":[{\"@type\":\"ListItem\",\"position\":1,\"name\":\"News\"}]}]}<\/script>\n<!-- \/ Yoast SEO plugin. -->","yoast_head_json":{"title":"News - BAIHE EUROPE","robots":{"index":"index","follow":"follow","max-snippet":"max-snippet:-1","max-image-preview":"max-image-preview:large","max-video-preview":"max-video-preview:-1"},"canonical":"https:\/\/www.baihemedical.eu\/fr\/news\/","og_locale":"fr_FR","og_type":"article","og_title":"News - BAIHE EUROPE","og_description":"News &#038; Press Baihe News Medical Fairs Knowledge Kits BAIHE MEDICAL EUROPE Baihe Medical Inc., a leader in the field of disposable medical devices, has","og_url":"https:\/\/www.baihemedical.eu\/fr\/news\/","og_site_name":"BAIHE EUROPE","article_modified_time":"2026-04-22T07:14:51+00:00","twitter_card":"summary_large_image","twitter_misc":{"Dur\u00e9e de lecture est.":"2 minutes"},"schema":{"@context":"https:\/\/schema.org","@graph":[{"@type":"WebSite","@id":"https:\/\/www.baihemedical.eu\/#website","url":"https:\/\/www.baihemedical.eu\/","name":"BAIHE EUROPE","description":"Production and sales of medical devices","potentialAction":[{"@type":"SearchAction","target":{"@type":"EntryPoint","urlTemplate":"https:\/\/www.baihemedical.eu\/?s={search_term_string}"},"query-input":"required name=search_term_string"}],"inLanguage":"fr-FR"},{"@type":"WebPage","@id":"https:\/\/www.baihemedical.eu\/news\/#webpage","url":"https:\/\/www.baihemedical.eu\/news\/","name":"News - BAIHE EUROPE","isPartOf":{"@id":"https:\/\/www.baihemedical.eu\/#website"},"datePublished":"2021-11-02T09:23:47+00:00","dateModified":"2026-04-22T07:14:51+00:00","breadcrumb":{"@id":"https:\/\/www.baihemedical.eu\/news\/#breadcrumb"},"inLanguage":"fr-FR","potentialAction":[{"@type":"ReadAction","target":["https:\/\/www.baihemedical.eu\/news\/"]}]},{"@type":"BreadcrumbList","@id":"https:\/\/www.baihemedical.eu\/news\/#breadcrumb","itemListElement":[{"@type":"ListItem","position":1,"name":"News"}]}]}},"_links":{"self":[{"href":"https:\/\/www.baihemedical.eu\/fr\/wp-json\/wp\/v2\/pages\/358"}],"collection":[{"href":"https:\/\/www.baihemedical.eu\/fr\/wp-json\/wp\/v2\/pages"}],"about":[{"href":"https:\/\/www.baihemedical.eu\/fr\/wp-json\/wp\/v2\/types\/page"}],"author":[{"embeddable":true,"href":"https:\/\/www.baihemedical.eu\/fr\/wp-json\/wp\/v2\/users\/1"}],"replies":[{"embeddable":true,"href":"https:\/\/www.baihemedical.eu\/fr\/wp-json\/wp\/v2\/comments?post=358"}],"version-history":[{"count":62,"href":"https:\/\/www.baihemedical.eu\/fr\/wp-json\/wp\/v2\/pages\/358\/revisions"}],"predecessor-version":[{"id":4886,"href":"https:\/\/www.baihemedical.eu\/fr\/wp-json\/wp\/v2\/pages\/358\/revisions\/4886"}],"wp:attachment":[{"href":"https:\/\/www.baihemedical.eu\/fr\/wp-json\/wp\/v2\/media?parent=358"}],"curies":[{"name":"wp","href":"https:\/\/api.w.org\/{rel}","templated":true}]}}