{"id":2470,"date":"2023-03-15T07:54:24","date_gmt":"2023-03-15T06:54:24","guid":{"rendered":"http:\/\/www.webndev.fr\/clientdev\/baiheeu2\/?page_id=2470"},"modified":"2026-04-02T14:54:26","modified_gmt":"2026-04-02T12:54:26","slug":"laparascopic-products","status":"publish","type":"page","link":"https:\/\/www.baihemedical.eu\/fr\/laparascopic-products\/","title":{"rendered":"Laparascopic products"},"content":{"rendered":"<div data-elementor-type=\"wp-page\" data-elementor-id=\"2470\" class=\"elementor elementor-2470\" data-elementor-settings=\"[]\">\n\t\t\t\t\t\t<div class=\"elementor-inner\">\n\t\t\t\t\t\t\t<div class=\"elementor-section-wrap\">\n\t\t\t\t\t\t\t<section class=\"elementor-section elementor-top-section elementor-element elementor-element-2d949d1 elementor-section-boxed elementor-section-height-default elementor-section-height-default\" data-id=\"2d949d1\" data-element_type=\"section\" data-settings=\"{&quot;background_background&quot;:&quot;classic&quot;}\">\n\t\t\t\t\t\t\t<div class=\"elementor-background-overlay\"><\/div>\n\t\t\t\t\t\t\t<div class=\"elementor-container elementor-column-gap-default\">\n\t\t\t\t\t\t\t<div class=\"elementor-row\">\n\t\t\t\t\t<div class=\"elementor-column elementor-col-100 elementor-top-column elementor-element elementor-element-f4551f2\" data-id=\"f4551f2\" data-element_type=\"column\">\n\t\t\t<div class=\"elementor-column-wrap\">\n\t\t\t\t\t\t\t<div class=\"elementor-widget-wrap\">\n\t\t\t\t\t\t\t\t<\/div>\n\t\t\t\t\t<\/div>\n\t\t<\/div>\n\t\t\t\t\t\t\t\t<\/div>\n\t\t\t\t\t<\/div>\n\t\t<\/section>\n\t\t\t\t<section class=\"elementor-section elementor-top-section elementor-element elementor-element-9c058d2 pro-dropmenu elementor-section-boxed elementor-section-height-default elementor-section-height-default\" data-id=\"9c058d2\" data-element_type=\"section\" data-settings=\"{&quot;background_background&quot;:&quot;classic&quot;}\">\n\t\t\t\t\t\t\t<div class=\"elementor-background-overlay\"><\/div>\n\t\t\t\t\t\t\t<div class=\"elementor-container elementor-column-gap-default\">\n\t\t\t\t\t\t\t<div class=\"elementor-row\">\n\t\t\t\t\t<div class=\"elementor-column elementor-col-33 elementor-top-column elementor-element elementor-element-b17b53f\" data-id=\"b17b53f\" data-element_type=\"column\">\n\t\t\t<div class=\"elementor-column-wrap elementor-element-populated\">\n\t\t\t\t\t\t\t<div class=\"elementor-widget-wrap\">\n\t\t\t\t\t\t<div class=\"elementor-element elementor-element-32b3aa1 elementor-widget elementor-widget-spacer\" data-id=\"32b3aa1\" data-element_type=\"widget\" data-widget_type=\"spacer.default\">\n\t\t\t\t<div class=\"elementor-widget-container\">\n\t\t\t\t\t<div class=\"elementor-spacer\">\n\t\t\t<div class=\"elementor-spacer-inner\"><\/div>\n\t\t<\/div>\n\t\t\t\t<\/div>\n\t\t\t\t<\/div>\n\t\t\t\t<div class=\"elementor-element elementor-element-366fea5a elementor-widget elementor-widget-heading\" data-id=\"366fea5a\" data-element_type=\"widget\" data-widget_type=\"heading.default\">\n\t\t\t\t<div class=\"elementor-widget-container\">\n\t\t\t<h2 class=\"elementor-heading-title elementor-size-default\">Laparoscopie<\/h2>\t\t<\/div>\n\t\t\t\t<\/div>\n\t\t\t\t<div class=\"elementor-element elementor-element-e2abc6c elementor-widget elementor-widget-global elementor-global-3559 elementor-widget-eael-simple-menu\" data-id=\"e2abc6c\" data-element_type=\"widget\" data-widget_type=\"eael-simple-menu.default\">\n\t\t\t\t<div class=\"elementor-widget-container\">\n\t\t\t<div data-indicator-class=\"fas fa-angle-down\" data-dropdown-indicator-class=\"fas fa-angle-down\" class=\"eael-simple-menu-container eael-simple-menu-align-left eael-simple-menu-dropdown-align-left preset-1\"><ul id=\"menu-product_cat_menu_v2_lap\" class=\"eael-simple-menu eael-simple-menu-dropdown-animate-to-top eael-simple-menu-indicator eael-simple-menu-vertical\"><li id=\"menu-item-2874\" class=\"menu-item menu-item-type-post_type menu-item-object-page menu-item-2874\"><a href=\"https:\/\/www.baihemedical.eu\/fr\/anesthesia-products\/\" class=\"menu-link\">Anesth\u00e9sie<\/a><\/li>\n<li id=\"menu-item-2868\" class=\"menu-item menu-item-type-post_type menu-item-object-page menu-item-2868\"><a href=\"https:\/\/www.baihemedical.eu\/fr\/blood-purification-products\/\" class=\"menu-link\">\u00c9puration sanguine<\/a><\/li>\n<li id=\"menu-item-2869\" class=\"menu-item menu-item-type-post_type menu-item-object-page menu-item-2869\"><a href=\"https:\/\/www.baihemedical.eu\/fr\/infusion-products\/\" class=\"menu-link\">Perfusion<\/a><\/li>\n<li id=\"menu-item-2870\" class=\"menu-item menu-item-type-post_type menu-item-object-page menu-item-2870\"><a href=\"https:\/\/www.baihemedical.eu\/fr\/urology-products\/\" class=\"menu-link\">Urologie<\/a><\/li>\n<li id=\"menu-item-2871\" class=\"menu-item menu-item-type-post_type menu-item-object-page menu-item-2871\"><a href=\"https:\/\/www.baihemedical.eu\/fr\/wound-care-products\/\" class=\"menu-link\">Soins des plaies<\/a><\/li>\n<li id=\"menu-item-3027\" class=\"menu-item menu-item-type-post_type menu-item-object-page menu-item-3027\"><a href=\"https:\/\/www.baihemedical.eu\/fr\/nursing-products\/\" class=\"menu-link\">Soins infirmiers<\/a><\/li>\n<li id=\"menu-item-4277\" class=\"menu-item menu-item-type-post_type menu-item-object-page menu-item-4277\"><a href=\"https:\/\/www.baihemedical.eu\/fr\/accessories-products\/\" class=\"menu-link\">Accessories<\/a><\/li>\n<\/ul><\/div>\t\t<\/div>\n\t\t\t\t<\/div>\n\t\t\t\t<div class=\"elementor-element elementor-element-f44e20c elementor-widget elementor-widget-spacer\" data-id=\"f44e20c\" data-element_type=\"widget\" data-widget_type=\"spacer.default\">\n\t\t\t\t<div class=\"elementor-widget-container\">\n\t\t\t\t\t<div class=\"elementor-spacer\">\n\t\t\t<div class=\"elementor-spacer-inner\"><\/div>\n\t\t<\/div>\n\t\t\t\t<\/div>\n\t\t\t\t<\/div>\n\t\t\t\t\t\t<\/div>\n\t\t\t\t\t<\/div>\n\t\t<\/div>\n\t\t\t\t<div class=\"elementor-column elementor-col-66 elementor-top-column elementor-element elementor-element-06dd2c5\" data-id=\"06dd2c5\" data-element_type=\"column\">\n\t\t\t<div class=\"elementor-column-wrap elementor-element-populated\">\n\t\t\t\t\t\t\t<div class=\"elementor-widget-wrap\">\n\t\t\t\t\t\t<div class=\"elementor-element elementor-element-8b2aa13 elementor-widget elementor-widget-spacer\" data-id=\"8b2aa13\" data-element_type=\"widget\" data-widget_type=\"spacer.default\">\n\t\t\t\t<div class=\"elementor-widget-container\">\n\t\t\t\t\t<div class=\"elementor-spacer\">\n\t\t\t<div class=\"elementor-spacer-inner\"><\/div>\n\t\t<\/div>\n\t\t\t\t<\/div>\n\t\t\t\t<\/div>\n\t\t\t\t<div class=\"elementor-element elementor-element-6e54842 elementor-widget elementor-widget-text-editor\" data-id=\"6e54842\" data-element_type=\"widget\" data-widget_type=\"text-editor.default\">\n\t\t\t\t<div class=\"elementor-widget-container\">\n\t\t\t\t\t\t\t\t<div class=\"elementor-text-editor elementor-clearfix\">\n\t\t\t\t<p>Diff\u00e9rents produits r\u00e9pondent \u00e0 divers besoins. Notre syst\u00e8me complet de gestion de la qualit\u00e9 certifi\u00e9 ISO 13485, ainsi que nos certifications CE et FDA, sont les garants de notre qualit\u00e9.<\/p>\t\t\t\t\t<\/div>\n\t\t\t\t\t\t<\/div>\n\t\t\t\t<\/div>\n\t\t\t\t<section class=\"elementor-section elementor-inner-section elementor-element elementor-element-7297061 elementor-section-boxed elementor-section-height-default elementor-section-height-default elementor-invisible\" data-id=\"7297061\" data-element_type=\"section\" data-settings=\"{&quot;animation&quot;:&quot;zoomIn&quot;}\">\n\t\t\t\t\t\t<div class=\"elementor-container elementor-column-gap-default\">\n\t\t\t\t\t\t\t<div class=\"elementor-row\">\n\t\t\t\t\t<div class=\"elementor-column elementor-col-33 elementor-inner-column elementor-element elementor-element-e48c638\" data-id=\"e48c638\" data-element_type=\"column\" data-settings=\"{&quot;background_background&quot;:&quot;classic&quot;}\">\n\t\t\t<div class=\"elementor-column-wrap elementor-element-populated\">\n\t\t\t\t\t\t\t<div class=\"elementor-widget-wrap\">\n\t\t\t\t\t\t<div class=\"elementor-element elementor-element-d4159c3 elementor-vertical-align-middle elementor-position-top elementor-widget elementor-widget-image-box\" data-id=\"d4159c3\" data-element_type=\"widget\" data-widget_type=\"image-box.default\">\n\t\t\t\t<div class=\"elementor-widget-container\">\n\t\t\t<div class=\"elementor-image-box-wrapper\"><figure class=\"elementor-image-box-img\"><a href=\"https:\/\/www.baihemedical.eu\/fr\/laparascopic-products\/trocar\/\"><img width=\"1600\" height=\"1067\" src=\"https:\/\/www.baihemedical.eu\/wp-content\/uploads\/2023\/02\/trocar-picture-003.jpg\" class=\"attachment-full size-full\" alt=\"Trocar picture 003\" loading=\"lazy\" \/><\/a><\/figure><div class=\"elementor-image-box-content\"><h3 class=\"elementor-image-box-title\"><a href=\"https:\/\/www.baihemedical.eu\/fr\/laparascopic-products\/trocar\/\">Trocart<\/a><\/h3><\/div><\/div>\t\t<\/div>\n\t\t\t\t<\/div>\n\t\t\t\t\t\t<\/div>\n\t\t\t\t\t<\/div>\n\t\t<\/div>\n\t\t\t\t<div class=\"elementor-column elementor-col-33 elementor-inner-column elementor-element elementor-element-dffa50e\" data-id=\"dffa50e\" data-element_type=\"column\" data-settings=\"{&quot;background_background&quot;:&quot;classic&quot;}\">\n\t\t\t<div class=\"elementor-column-wrap elementor-element-populated\">\n\t\t\t\t\t\t\t<div class=\"elementor-widget-wrap\">\n\t\t\t\t\t\t<div class=\"elementor-element elementor-element-888faec elementor-vertical-align-middle elementor-position-top elementor-widget elementor-widget-image-box\" data-id=\"888faec\" data-element_type=\"widget\" data-widget_type=\"image-box.default\">\n\t\t\t\t<div class=\"elementor-widget-container\">\n\t\t\t<div class=\"elementor-image-box-wrapper\"><figure class=\"elementor-image-box-img\"><a href=\"https:\/\/www.baihemedical.eu\/fr\/laparascopic-products\/wound-protector\/\"><img width=\"1600\" height=\"1067\" src=\"https:\/\/www.baihemedical.eu\/wp-content\/uploads\/2023\/03\/wound-protector-picture-1600x1067-1.jpg\" class=\"attachment-full size-full\" alt=\"Wound Protector picture\" loading=\"lazy\" \/><\/a><\/figure><div class=\"elementor-image-box-content\"><h3 class=\"elementor-image-box-title\"><a href=\"https:\/\/www.baihemedical.eu\/fr\/laparascopic-products\/wound-protector\/\">Wound Protector<\/a><\/h3><\/div><\/div>\t\t<\/div>\n\t\t\t\t<\/div>\n\t\t\t\t\t\t<\/div>\n\t\t\t\t\t<\/div>\n\t\t<\/div>\n\t\t\t\t<div class=\"elementor-column elementor-col-33 elementor-inner-column elementor-element elementor-element-7cab57d\" data-id=\"7cab57d\" data-element_type=\"column\" data-settings=\"{&quot;background_background&quot;:&quot;classic&quot;}\">\n\t\t\t<div class=\"elementor-column-wrap\">\n\t\t\t\t\t\t\t<div class=\"elementor-widget-wrap\">\n\t\t\t\t\t\t\t\t<\/div>\n\t\t\t\t\t<\/div>\n\t\t<\/div>\n\t\t\t\t\t\t\t\t<\/div>\n\t\t\t\t\t<\/div>\n\t\t<\/section>\n\t\t\t\t<div class=\"elementor-element elementor-element-a545332 elementor-widget elementor-widget-spacer\" data-id=\"a545332\" data-element_type=\"widget\" data-widget_type=\"spacer.default\">\n\t\t\t\t<div class=\"elementor-widget-container\">\n\t\t\t\t\t<div class=\"elementor-spacer\">\n\t\t\t<div class=\"elementor-spacer-inner\"><\/div>\n\t\t<\/div>\n\t\t\t\t<\/div>\n\t\t\t\t<\/div>\n\t\t\t\t\t\t<\/div>\n\t\t\t\t\t<\/div>\n\t\t<\/div>\n\t\t\t\t\t\t\t\t<\/div>\n\t\t\t\t\t<\/div>\n\t\t<\/section>\n\t\t\t\t\t\t<\/div>\n\t\t\t\t\t\t<\/div>\n\t\t\t\t\t<\/div>","protected":false},"excerpt":{"rendered":"<p>Laparascopic Anesthesia Blood purification Infusion Urology Wound Care Nursing Accessories Different products meet various needs. The complete quality management system ISO13485 and CE and FDA certification are the guarantee of quality. Trocar Wound Protector<\/p>","protected":false},"author":1,"featured_media":0,"parent":0,"menu_order":0,"comment_status":"closed","ping_status":"closed","template":"","meta":[],"yoast_head":"<!-- This site is optimized with the Yoast SEO plugin v17.5 - https:\/\/yoast.com\/wordpress\/plugins\/seo\/ -->\n<title>Laparascopic products - BAIHE EUROPE<\/title>\n<meta name=\"description\" content=\"Laparascopic category product list.\" \/>\n<meta name=\"robots\" content=\"index, follow, max-snippet:-1, max-image-preview:large, max-video-preview:-1\" \/>\n<link rel=\"canonical\" href=\"https:\/\/www.baihemedical.eu\/fr\/laparascopic-products\/\" \/>\n<meta property=\"og:locale\" content=\"fr_FR\" \/>\n<meta property=\"og:type\" content=\"article\" \/>\n<meta property=\"og:title\" content=\"Laparascopic products - BAIHE EUROPE\" \/>\n<meta property=\"og:description\" content=\"Laparascopic category product list.\" \/>\n<meta property=\"og:url\" content=\"https:\/\/www.baihemedical.eu\/fr\/laparascopic-products\/\" \/>\n<meta property=\"og:site_name\" content=\"BAIHE EUROPE\" \/>\n<meta property=\"article:modified_time\" content=\"2026-04-02T12:54:26+00:00\" \/>\n<meta property=\"og:image\" content=\"https:\/\/www.baihemedical.eu\/wp-content\/uploads\/2023\/02\/trocar-picture-003.jpg\" \/>\n<meta name=\"twitter:card\" content=\"summary_large_image\" \/>\n<meta name=\"twitter:label1\" content=\"Dur\u00e9e de lecture est.\" \/>\n\t<meta name=\"twitter:data1\" content=\"1 minute\" \/>\n<script type=\"application\/ld+json\" class=\"yoast-schema-graph\">{\"@context\":\"https:\/\/schema.org\",\"@graph\":[{\"@type\":\"WebSite\",\"@id\":\"https:\/\/www.baihemedical.eu\/#website\",\"url\":\"https:\/\/www.baihemedical.eu\/\",\"name\":\"BAIHE EUROPE\",\"description\":\"Production and sales of medical devices\",\"potentialAction\":[{\"@type\":\"SearchAction\",\"target\":{\"@type\":\"EntryPoint\",\"urlTemplate\":\"https:\/\/www.baihemedical.eu\/?s={search_term_string}\"},\"query-input\":\"required name=search_term_string\"}],\"inLanguage\":\"fr-FR\"},{\"@type\":\"ImageObject\",\"@id\":\"https:\/\/www.baihemedical.eu\/laparascopic-products\/#primaryimage\",\"inLanguage\":\"fr-FR\",\"url\":\"https:\/\/www.baihemedical.eu\/wp-content\/uploads\/2023\/02\/trocar-picture-003.jpg\",\"contentUrl\":\"https:\/\/www.baihemedical.eu\/wp-content\/uploads\/2023\/02\/trocar-picture-003.jpg\",\"width\":1600,\"height\":1067,\"caption\":\"Trocar picture 003\"},{\"@type\":\"WebPage\",\"@id\":\"https:\/\/www.baihemedical.eu\/laparascopic-products\/#webpage\",\"url\":\"https:\/\/www.baihemedical.eu\/laparascopic-products\/\",\"name\":\"Laparascopic products - BAIHE EUROPE\",\"isPartOf\":{\"@id\":\"https:\/\/www.baihemedical.eu\/#website\"},\"primaryImageOfPage\":{\"@id\":\"https:\/\/www.baihemedical.eu\/laparascopic-products\/#primaryimage\"},\"datePublished\":\"2023-03-15T06:54:24+00:00\",\"dateModified\":\"2026-04-02T12:54:26+00:00\",\"description\":\"Laparascopic category product list.\",\"breadcrumb\":{\"@id\":\"https:\/\/www.baihemedical.eu\/laparascopic-products\/#breadcrumb\"},\"inLanguage\":\"fr-FR\",\"potentialAction\":[{\"@type\":\"ReadAction\",\"target\":[\"https:\/\/www.baihemedical.eu\/laparascopic-products\/\"]}]},{\"@type\":\"BreadcrumbList\",\"@id\":\"https:\/\/www.baihemedical.eu\/laparascopic-products\/#breadcrumb\",\"itemListElement\":[{\"@type\":\"ListItem\",\"position\":1,\"name\":\"Laparascopic products\"}]}]}<\/script>\n<!-- \/ Yoast SEO plugin. -->","yoast_head_json":{"title":"Laparascopic products - BAIHE EUROPE","description":"Laparascopic category product list.","robots":{"index":"index","follow":"follow","max-snippet":"max-snippet:-1","max-image-preview":"max-image-preview:large","max-video-preview":"max-video-preview:-1"},"canonical":"https:\/\/www.baihemedical.eu\/fr\/laparascopic-products\/","og_locale":"fr_FR","og_type":"article","og_title":"Laparascopic products - BAIHE EUROPE","og_description":"Laparascopic category product list.","og_url":"https:\/\/www.baihemedical.eu\/fr\/laparascopic-products\/","og_site_name":"BAIHE EUROPE","article_modified_time":"2026-04-02T12:54:26+00:00","og_image":[{"url":"https:\/\/www.baihemedical.eu\/wp-content\/uploads\/2023\/02\/trocar-picture-003.jpg"}],"twitter_card":"summary_large_image","twitter_misc":{"Dur\u00e9e de lecture est.":"1 minute"},"schema":{"@context":"https:\/\/schema.org","@graph":[{"@type":"WebSite","@id":"https:\/\/www.baihemedical.eu\/#website","url":"https:\/\/www.baihemedical.eu\/","name":"BAIHE EUROPE","description":"Production and sales of medical devices","potentialAction":[{"@type":"SearchAction","target":{"@type":"EntryPoint","urlTemplate":"https:\/\/www.baihemedical.eu\/?s={search_term_string}"},"query-input":"required name=search_term_string"}],"inLanguage":"fr-FR"},{"@type":"ImageObject","@id":"https:\/\/www.baihemedical.eu\/laparascopic-products\/#primaryimage","inLanguage":"fr-FR","url":"https:\/\/www.baihemedical.eu\/wp-content\/uploads\/2023\/02\/trocar-picture-003.jpg","contentUrl":"https:\/\/www.baihemedical.eu\/wp-content\/uploads\/2023\/02\/trocar-picture-003.jpg","width":1600,"height":1067,"caption":"Trocar picture 003"},{"@type":"WebPage","@id":"https:\/\/www.baihemedical.eu\/laparascopic-products\/#webpage","url":"https:\/\/www.baihemedical.eu\/laparascopic-products\/","name":"Laparascopic products - BAIHE EUROPE","isPartOf":{"@id":"https:\/\/www.baihemedical.eu\/#website"},"primaryImageOfPage":{"@id":"https:\/\/www.baihemedical.eu\/laparascopic-products\/#primaryimage"},"datePublished":"2023-03-15T06:54:24+00:00","dateModified":"2026-04-02T12:54:26+00:00","description":"Laparascopic category product list.","breadcrumb":{"@id":"https:\/\/www.baihemedical.eu\/laparascopic-products\/#breadcrumb"},"inLanguage":"fr-FR","potentialAction":[{"@type":"ReadAction","target":["https:\/\/www.baihemedical.eu\/laparascopic-products\/"]}]},{"@type":"BreadcrumbList","@id":"https:\/\/www.baihemedical.eu\/laparascopic-products\/#breadcrumb","itemListElement":[{"@type":"ListItem","position":1,"name":"Laparascopic products"}]}]}},"_links":{"self":[{"href":"https:\/\/www.baihemedical.eu\/fr\/wp-json\/wp\/v2\/pages\/2470"}],"collection":[{"href":"https:\/\/www.baihemedical.eu\/fr\/wp-json\/wp\/v2\/pages"}],"about":[{"href":"https:\/\/www.baihemedical.eu\/fr\/wp-json\/wp\/v2\/types\/page"}],"author":[{"embeddable":true,"href":"https:\/\/www.baihemedical.eu\/fr\/wp-json\/wp\/v2\/users\/1"}],"replies":[{"embeddable":true,"href":"https:\/\/www.baihemedical.eu\/fr\/wp-json\/wp\/v2\/comments?post=2470"}],"version-history":[{"count":38,"href":"https:\/\/www.baihemedical.eu\/fr\/wp-json\/wp\/v2\/pages\/2470\/revisions"}],"predecessor-version":[{"id":4560,"href":"https:\/\/www.baihemedical.eu\/fr\/wp-json\/wp\/v2\/pages\/2470\/revisions\/4560"}],"wp:attachment":[{"href":"https:\/\/www.baihemedical.eu\/fr\/wp-json\/wp\/v2\/media?parent=2470"}],"curies":[{"name":"wp","href":"https:\/\/api.w.org\/{rel}","templated":true}]}}