{"id":2412,"date":"2023-03-15T07:39:33","date_gmt":"2023-03-15T06:39:33","guid":{"rendered":"http:\/\/www.webndev.fr\/clientdev\/baiheeu2\/?page_id=2412"},"modified":"2026-04-02T14:53:43","modified_gmt":"2026-04-02T12:53:43","slug":"urology-products","status":"publish","type":"page","link":"https:\/\/www.baihemedical.eu\/fr\/urology-products\/","title":{"rendered":"Urology products"},"content":{"rendered":"<div data-elementor-type=\"wp-page\" data-elementor-id=\"2412\" class=\"elementor elementor-2412\" data-elementor-settings=\"[]\">\n\t\t\t\t\t\t<div class=\"elementor-inner\">\n\t\t\t\t\t\t\t<div class=\"elementor-section-wrap\">\n\t\t\t\t\t\t\t<section class=\"elementor-section elementor-top-section elementor-element elementor-element-2d949d1 elementor-section-boxed elementor-section-height-default elementor-section-height-default\" data-id=\"2d949d1\" data-element_type=\"section\" data-settings=\"{&quot;background_background&quot;:&quot;classic&quot;}\">\n\t\t\t\t\t\t\t<div class=\"elementor-background-overlay\"><\/div>\n\t\t\t\t\t\t\t<div class=\"elementor-container elementor-column-gap-default\">\n\t\t\t\t\t\t\t<div class=\"elementor-row\">\n\t\t\t\t\t<div class=\"elementor-column elementor-col-100 elementor-top-column elementor-element elementor-element-f4551f2\" data-id=\"f4551f2\" data-element_type=\"column\">\n\t\t\t<div class=\"elementor-column-wrap\">\n\t\t\t\t\t\t\t<div class=\"elementor-widget-wrap\">\n\t\t\t\t\t\t\t\t<\/div>\n\t\t\t\t\t<\/div>\n\t\t<\/div>\n\t\t\t\t\t\t\t\t<\/div>\n\t\t\t\t\t<\/div>\n\t\t<\/section>\n\t\t\t\t<section class=\"elementor-section elementor-top-section elementor-element elementor-element-9c058d2 pro-dropmenu elementor-section-boxed elementor-section-height-default elementor-section-height-default\" data-id=\"9c058d2\" data-element_type=\"section\" data-settings=\"{&quot;background_background&quot;:&quot;classic&quot;}\">\n\t\t\t\t\t\t\t<div class=\"elementor-background-overlay\"><\/div>\n\t\t\t\t\t\t\t<div class=\"elementor-container elementor-column-gap-default\">\n\t\t\t\t\t\t\t<div class=\"elementor-row\">\n\t\t\t\t\t<div class=\"elementor-column elementor-col-33 elementor-top-column elementor-element elementor-element-b17b53f\" data-id=\"b17b53f\" data-element_type=\"column\">\n\t\t\t<div class=\"elementor-column-wrap elementor-element-populated\">\n\t\t\t\t\t\t\t<div class=\"elementor-widget-wrap\">\n\t\t\t\t\t\t<div class=\"elementor-element elementor-element-3ac8749 elementor-widget elementor-widget-spacer\" data-id=\"3ac8749\" data-element_type=\"widget\" data-widget_type=\"spacer.default\">\n\t\t\t\t<div class=\"elementor-widget-container\">\n\t\t\t\t\t<div class=\"elementor-spacer\">\n\t\t\t<div class=\"elementor-spacer-inner\"><\/div>\n\t\t<\/div>\n\t\t\t\t<\/div>\n\t\t\t\t<\/div>\n\t\t\t\t<div class=\"elementor-element elementor-element-366fea5a elementor-widget elementor-widget-heading\" data-id=\"366fea5a\" data-element_type=\"widget\" data-widget_type=\"heading.default\">\n\t\t\t\t<div class=\"elementor-widget-container\">\n\t\t\t<h2 class=\"elementor-heading-title elementor-size-default\">Urologie<\/h2>\t\t<\/div>\n\t\t\t\t<\/div>\n\t\t\t\t<div class=\"elementor-element elementor-element-09e8202 elementor-widget elementor-widget-eael-simple-menu\" data-id=\"09e8202\" data-element_type=\"widget\" data-widget_type=\"eael-simple-menu.default\">\n\t\t\t\t<div class=\"elementor-widget-container\">\n\t\t\t<div data-indicator-class=\"fas fa-angle-down\" data-dropdown-indicator-class=\"fas fa-angle-down\" class=\"eael-simple-menu-container eael-simple-menu-align-left eael-simple-menu-dropdown-align-left preset-1\"><ul id=\"menu-product_cat_menu_v2_uro\" class=\"eael-simple-menu eael-simple-menu-dropdown-animate-to-top eael-simple-menu-indicator eael-simple-menu-vertical\"><li id=\"menu-item-2854\" class=\"menu-item menu-item-type-post_type menu-item-object-page menu-item-2854\"><a href=\"https:\/\/www.baihemedical.eu\/fr\/anesthesia-products\/\" class=\"menu-link\">Anesth\u00e9sie<\/a><\/li>\n<li id=\"menu-item-2853\" class=\"menu-item menu-item-type-post_type menu-item-object-page menu-item-2853\"><a href=\"https:\/\/www.baihemedical.eu\/fr\/blood-purification-products\/\" class=\"menu-link\">\u00c9puration sanguine<\/a><\/li>\n<li id=\"menu-item-2847\" class=\"menu-item menu-item-type-post_type menu-item-object-page menu-item-2847\"><a href=\"https:\/\/www.baihemedical.eu\/fr\/infusion-products\/\" class=\"menu-link\">Perfusion<\/a><\/li>\n<li id=\"menu-item-2849\" class=\"menu-item menu-item-type-post_type menu-item-object-page menu-item-2849\"><a href=\"https:\/\/www.baihemedical.eu\/fr\/wound-care-products\/\" class=\"menu-link\">Soins des plaies<\/a><\/li>\n<li id=\"menu-item-2850\" class=\"menu-item menu-item-type-post_type menu-item-object-page menu-item-2850\"><a href=\"https:\/\/www.baihemedical.eu\/fr\/laparascopic-products\/\" class=\"menu-link\">Laparoscopie<\/a><\/li>\n<li id=\"menu-item-3031\" class=\"menu-item menu-item-type-post_type menu-item-object-page menu-item-3031\"><a href=\"https:\/\/www.baihemedical.eu\/fr\/nursing-products\/\" class=\"menu-link\">Soins infirmiers<\/a><\/li>\n<li id=\"menu-item-4278\" class=\"menu-item menu-item-type-post_type menu-item-object-page menu-item-4278\"><a href=\"https:\/\/www.baihemedical.eu\/fr\/accessories-products\/\" class=\"menu-link\">Accessories<\/a><\/li>\n<\/ul><\/div>\t\t<\/div>\n\t\t\t\t<\/div>\n\t\t\t\t<div class=\"elementor-element elementor-element-f44e20c elementor-widget elementor-widget-spacer\" data-id=\"f44e20c\" data-element_type=\"widget\" data-widget_type=\"spacer.default\">\n\t\t\t\t<div class=\"elementor-widget-container\">\n\t\t\t\t\t<div class=\"elementor-spacer\">\n\t\t\t<div class=\"elementor-spacer-inner\"><\/div>\n\t\t<\/div>\n\t\t\t\t<\/div>\n\t\t\t\t<\/div>\n\t\t\t\t\t\t<\/div>\n\t\t\t\t\t<\/div>\n\t\t<\/div>\n\t\t\t\t<div class=\"elementor-column elementor-col-66 elementor-top-column elementor-element elementor-element-06dd2c5\" data-id=\"06dd2c5\" data-element_type=\"column\">\n\t\t\t<div class=\"elementor-column-wrap elementor-element-populated\">\n\t\t\t\t\t\t\t<div class=\"elementor-widget-wrap\">\n\t\t\t\t\t\t<div class=\"elementor-element elementor-element-8b2aa13 elementor-widget elementor-widget-spacer\" data-id=\"8b2aa13\" data-element_type=\"widget\" data-widget_type=\"spacer.default\">\n\t\t\t\t<div class=\"elementor-widget-container\">\n\t\t\t\t\t<div class=\"elementor-spacer\">\n\t\t\t<div class=\"elementor-spacer-inner\"><\/div>\n\t\t<\/div>\n\t\t\t\t<\/div>\n\t\t\t\t<\/div>\n\t\t\t\t<div class=\"elementor-element elementor-element-6e54842 elementor-widget elementor-widget-text-editor\" data-id=\"6e54842\" data-element_type=\"widget\" data-widget_type=\"text-editor.default\">\n\t\t\t\t<div class=\"elementor-widget-container\">\n\t\t\t\t\t\t\t\t<div class=\"elementor-text-editor elementor-clearfix\">\n\t\t\t\t<p>Diff\u00e9rents produits r\u00e9pondent \u00e0 divers besoins. Notre syst\u00e8me complet de gestion de la qualit\u00e9 certifi\u00e9 ISO 13485, ainsi que nos certifications CE et FDA, sont les garants de notre qualit\u00e9.<\/p>\t\t\t\t\t<\/div>\n\t\t\t\t\t\t<\/div>\n\t\t\t\t<\/div>\n\t\t\t\t<section class=\"elementor-section elementor-inner-section elementor-element elementor-element-7297061 elementor-section-boxed elementor-section-height-default elementor-section-height-default elementor-invisible\" data-id=\"7297061\" data-element_type=\"section\" data-settings=\"{&quot;animation&quot;:&quot;zoomIn&quot;}\">\n\t\t\t\t\t\t<div class=\"elementor-container elementor-column-gap-default\">\n\t\t\t\t\t\t\t<div class=\"elementor-row\">\n\t\t\t\t\t<div class=\"elementor-column elementor-col-33 elementor-inner-column elementor-element elementor-element-e48c638\" data-id=\"e48c638\" data-element_type=\"column\" data-settings=\"{&quot;background_background&quot;:&quot;classic&quot;}\">\n\t\t\t<div class=\"elementor-column-wrap elementor-element-populated\">\n\t\t\t\t\t\t\t<div class=\"elementor-widget-wrap\">\n\t\t\t\t\t\t<div class=\"elementor-element elementor-element-d4159c3 elementor-vertical-align-middle elementor-position-top elementor-widget elementor-widget-image-box\" data-id=\"d4159c3\" data-element_type=\"widget\" data-widget_type=\"image-box.default\">\n\t\t\t\t<div class=\"elementor-widget-container\">\n\t\t\t<div class=\"elementor-image-box-wrapper\"><figure class=\"elementor-image-box-img\"><a href=\"https:\/\/www.baihemedical.eu\/fr\/urology-products\/anti-reflux-drainage-bag\/\"><img width=\"1600\" height=\"1067\" src=\"https:\/\/www.baihemedical.eu\/wp-content\/uploads\/2023\/03\/anti-reflux-drainage-bag-1600x1067-1.jpg\" class=\"attachment-full size-full\" alt=\"Anti reflux drainage bag\" loading=\"lazy\" \/><\/a><\/figure><div class=\"elementor-image-box-content\"><h3 class=\"elementor-image-box-title\"><a href=\"https:\/\/www.baihemedical.eu\/fr\/urology-products\/anti-reflux-drainage-bag\/\">Anti Reflux<br\/>Drainage Bag<\/a><\/h3><\/div><\/div>\t\t<\/div>\n\t\t\t\t<\/div>\n\t\t\t\t\t\t<\/div>\n\t\t\t\t\t<\/div>\n\t\t<\/div>\n\t\t\t\t<div class=\"elementor-column elementor-col-33 elementor-inner-column elementor-element elementor-element-dffa50e\" data-id=\"dffa50e\" data-element_type=\"column\" data-settings=\"{&quot;background_background&quot;:&quot;classic&quot;}\">\n\t\t\t<div class=\"elementor-column-wrap elementor-element-populated\">\n\t\t\t\t\t\t\t<div class=\"elementor-widget-wrap\">\n\t\t\t\t\t\t<div class=\"elementor-element elementor-element-888faec elementor-vertical-align-middle elementor-position-top elementor-widget elementor-widget-image-box\" data-id=\"888faec\" data-element_type=\"widget\" data-widget_type=\"image-box.default\">\n\t\t\t\t<div class=\"elementor-widget-container\">\n\t\t\t<div class=\"elementor-image-box-wrapper\"><figure class=\"elementor-image-box-img\"><a href=\"https:\/\/www.baihemedical.eu\/fr\/urology-products\/ureteral-stent\/\"><img width=\"2560\" height=\"1708\" src=\"https:\/\/www.baihemedical.eu\/wp-content\/uploads\/2023\/02\/Ureteral-Stent-Hero-1-scaled.jpg\" class=\"attachment-full size-full\" alt=\"Ureteral Stent Hero 1\" loading=\"lazy\" \/><\/a><\/figure><div class=\"elementor-image-box-content\"><h3 class=\"elementor-image-box-title\"><a href=\"https:\/\/www.baihemedical.eu\/fr\/urology-products\/ureteral-stent\/\">Ureteral<br\/>Stent<\/a><\/h3><\/div><\/div>\t\t<\/div>\n\t\t\t\t<\/div>\n\t\t\t\t\t\t<\/div>\n\t\t\t\t\t<\/div>\n\t\t<\/div>\n\t\t\t\t<div class=\"elementor-column elementor-col-33 elementor-inner-column elementor-element elementor-element-7cab57d\" data-id=\"7cab57d\" data-element_type=\"column\" data-settings=\"{&quot;background_background&quot;:&quot;classic&quot;}\">\n\t\t\t<div class=\"elementor-column-wrap elementor-element-populated\">\n\t\t\t\t\t\t\t<div class=\"elementor-widget-wrap\">\n\t\t\t\t\t\t<div class=\"elementor-element elementor-element-3afba0f elementor-vertical-align-middle elementor-position-top elementor-widget elementor-widget-image-box\" data-id=\"3afba0f\" data-element_type=\"widget\" data-widget_type=\"image-box.default\">\n\t\t\t\t<div class=\"elementor-widget-container\">\n\t\t\t<div class=\"elementor-image-box-wrapper\"><figure class=\"elementor-image-box-img\"><a href=\"https:\/\/www.baihemedical.eu\/fr\/urology-products\/silicone-foley-catheter\/\"><img width=\"1600\" height=\"1067\" src=\"https:\/\/www.baihemedical.eu\/wp-content\/uploads\/2023\/03\/silicone-foley-catheter-picture-03.jpg\" class=\"attachment-full size-full\" alt=\"Silicone Foley Catheter picture 3\" loading=\"lazy\" \/><\/a><\/figure><div class=\"elementor-image-box-content\"><h3 class=\"elementor-image-box-title\"><a href=\"https:\/\/www.baihemedical.eu\/fr\/urology-products\/silicone-foley-catheter\/\">Silicone Foley<br\/>Cath\u00e9ter<\/a><\/h3><\/div><\/div>\t\t<\/div>\n\t\t\t\t<\/div>\n\t\t\t\t\t\t<\/div>\n\t\t\t\t\t<\/div>\n\t\t<\/div>\n\t\t\t\t\t\t\t\t<\/div>\n\t\t\t\t\t<\/div>\n\t\t<\/section>\n\t\t\t\t<div class=\"elementor-element elementor-element-a545332 elementor-widget elementor-widget-spacer\" data-id=\"a545332\" data-element_type=\"widget\" data-widget_type=\"spacer.default\">\n\t\t\t\t<div class=\"elementor-widget-container\">\n\t\t\t\t\t<div class=\"elementor-spacer\">\n\t\t\t<div class=\"elementor-spacer-inner\"><\/div>\n\t\t<\/div>\n\t\t\t\t<\/div>\n\t\t\t\t<\/div>\n\t\t\t\t\t\t<\/div>\n\t\t\t\t\t<\/div>\n\t\t<\/div>\n\t\t\t\t\t\t\t\t<\/div>\n\t\t\t\t\t<\/div>\n\t\t<\/section>\n\t\t\t\t\t\t<\/div>\n\t\t\t\t\t\t<\/div>\n\t\t\t\t\t<\/div>","protected":false},"excerpt":{"rendered":"<p>Urology Anesthesia Blood purification Infusion Wound Care Laparascopic Nursing Accessories Different products meet various needs. The complete quality management system ISO13485 and CE and FDA certification are the guarantee of quality. Anti RefluxDrainage Bag UreteralStent Silicone FoleyCatheter<\/p>","protected":false},"author":1,"featured_media":0,"parent":0,"menu_order":0,"comment_status":"closed","ping_status":"closed","template":"","meta":[],"yoast_head":"<!-- This site is optimized with the Yoast SEO plugin v17.5 - https:\/\/yoast.com\/wordpress\/plugins\/seo\/ -->\n<title>Urology products - BAIHE EUROPE<\/title>\n<meta name=\"description\" content=\"Urology category product list.\" \/>\n<meta name=\"robots\" content=\"index, follow, max-snippet:-1, max-image-preview:large, max-video-preview:-1\" \/>\n<link rel=\"canonical\" href=\"https:\/\/www.baihemedical.eu\/fr\/urology-products\/\" \/>\n<meta property=\"og:locale\" content=\"fr_FR\" \/>\n<meta property=\"og:type\" content=\"article\" \/>\n<meta property=\"og:title\" content=\"Urology products - BAIHE EUROPE\" \/>\n<meta property=\"og:description\" content=\"Urology category product list.\" \/>\n<meta property=\"og:url\" content=\"https:\/\/www.baihemedical.eu\/fr\/urology-products\/\" \/>\n<meta property=\"og:site_name\" content=\"BAIHE EUROPE\" \/>\n<meta property=\"article:modified_time\" content=\"2026-04-02T12:53:43+00:00\" \/>\n<meta property=\"og:image\" content=\"https:\/\/www.baihemedical.eu\/wp-content\/uploads\/2023\/03\/anti-reflux-drainage-bag-1600x1067-1.jpg\" \/>\n<meta name=\"twitter:card\" content=\"summary_large_image\" \/>\n<meta name=\"twitter:label1\" content=\"Dur\u00e9e de lecture est.\" \/>\n\t<meta name=\"twitter:data1\" content=\"1 minute\" \/>\n<script type=\"application\/ld+json\" class=\"yoast-schema-graph\">{\"@context\":\"https:\/\/schema.org\",\"@graph\":[{\"@type\":\"WebSite\",\"@id\":\"https:\/\/www.baihemedical.eu\/#website\",\"url\":\"https:\/\/www.baihemedical.eu\/\",\"name\":\"BAIHE EUROPE\",\"description\":\"Production and sales of medical devices\",\"potentialAction\":[{\"@type\":\"SearchAction\",\"target\":{\"@type\":\"EntryPoint\",\"urlTemplate\":\"https:\/\/www.baihemedical.eu\/?s={search_term_string}\"},\"query-input\":\"required name=search_term_string\"}],\"inLanguage\":\"fr-FR\"},{\"@type\":\"ImageObject\",\"@id\":\"https:\/\/www.baihemedical.eu\/urology-products\/#primaryimage\",\"inLanguage\":\"fr-FR\",\"url\":\"https:\/\/www.baihemedical.eu\/wp-content\/uploads\/2023\/03\/anti-reflux-drainage-bag-1600x1067-1.jpg\",\"contentUrl\":\"https:\/\/www.baihemedical.eu\/wp-content\/uploads\/2023\/03\/anti-reflux-drainage-bag-1600x1067-1.jpg\",\"width\":1600,\"height\":1067,\"caption\":\"Anti reflux drainage bag\"},{\"@type\":\"WebPage\",\"@id\":\"https:\/\/www.baihemedical.eu\/urology-products\/#webpage\",\"url\":\"https:\/\/www.baihemedical.eu\/urology-products\/\",\"name\":\"Urology products - BAIHE EUROPE\",\"isPartOf\":{\"@id\":\"https:\/\/www.baihemedical.eu\/#website\"},\"primaryImageOfPage\":{\"@id\":\"https:\/\/www.baihemedical.eu\/urology-products\/#primaryimage\"},\"datePublished\":\"2023-03-15T06:39:33+00:00\",\"dateModified\":\"2026-04-02T12:53:43+00:00\",\"description\":\"Urology category product list.\",\"breadcrumb\":{\"@id\":\"https:\/\/www.baihemedical.eu\/urology-products\/#breadcrumb\"},\"inLanguage\":\"fr-FR\",\"potentialAction\":[{\"@type\":\"ReadAction\",\"target\":[\"https:\/\/www.baihemedical.eu\/urology-products\/\"]}]},{\"@type\":\"BreadcrumbList\",\"@id\":\"https:\/\/www.baihemedical.eu\/urology-products\/#breadcrumb\",\"itemListElement\":[{\"@type\":\"ListItem\",\"position\":1,\"name\":\"Urology products\"}]}]}<\/script>\n<!-- \/ Yoast SEO plugin. -->","yoast_head_json":{"title":"Urology products - BAIHE EUROPE","description":"Urology category product list.","robots":{"index":"index","follow":"follow","max-snippet":"max-snippet:-1","max-image-preview":"max-image-preview:large","max-video-preview":"max-video-preview:-1"},"canonical":"https:\/\/www.baihemedical.eu\/fr\/urology-products\/","og_locale":"fr_FR","og_type":"article","og_title":"Urology products - BAIHE EUROPE","og_description":"Urology category product list.","og_url":"https:\/\/www.baihemedical.eu\/fr\/urology-products\/","og_site_name":"BAIHE EUROPE","article_modified_time":"2026-04-02T12:53:43+00:00","og_image":[{"url":"https:\/\/www.baihemedical.eu\/wp-content\/uploads\/2023\/03\/anti-reflux-drainage-bag-1600x1067-1.jpg"}],"twitter_card":"summary_large_image","twitter_misc":{"Dur\u00e9e de lecture est.":"1 minute"},"schema":{"@context":"https:\/\/schema.org","@graph":[{"@type":"WebSite","@id":"https:\/\/www.baihemedical.eu\/#website","url":"https:\/\/www.baihemedical.eu\/","name":"BAIHE EUROPE","description":"Production and sales of medical devices","potentialAction":[{"@type":"SearchAction","target":{"@type":"EntryPoint","urlTemplate":"https:\/\/www.baihemedical.eu\/?s={search_term_string}"},"query-input":"required name=search_term_string"}],"inLanguage":"fr-FR"},{"@type":"ImageObject","@id":"https:\/\/www.baihemedical.eu\/urology-products\/#primaryimage","inLanguage":"fr-FR","url":"https:\/\/www.baihemedical.eu\/wp-content\/uploads\/2023\/03\/anti-reflux-drainage-bag-1600x1067-1.jpg","contentUrl":"https:\/\/www.baihemedical.eu\/wp-content\/uploads\/2023\/03\/anti-reflux-drainage-bag-1600x1067-1.jpg","width":1600,"height":1067,"caption":"Anti reflux drainage bag"},{"@type":"WebPage","@id":"https:\/\/www.baihemedical.eu\/urology-products\/#webpage","url":"https:\/\/www.baihemedical.eu\/urology-products\/","name":"Urology products - BAIHE EUROPE","isPartOf":{"@id":"https:\/\/www.baihemedical.eu\/#website"},"primaryImageOfPage":{"@id":"https:\/\/www.baihemedical.eu\/urology-products\/#primaryimage"},"datePublished":"2023-03-15T06:39:33+00:00","dateModified":"2026-04-02T12:53:43+00:00","description":"Urology category product list.","breadcrumb":{"@id":"https:\/\/www.baihemedical.eu\/urology-products\/#breadcrumb"},"inLanguage":"fr-FR","potentialAction":[{"@type":"ReadAction","target":["https:\/\/www.baihemedical.eu\/urology-products\/"]}]},{"@type":"BreadcrumbList","@id":"https:\/\/www.baihemedical.eu\/urology-products\/#breadcrumb","itemListElement":[{"@type":"ListItem","position":1,"name":"Urology products"}]}]}},"_links":{"self":[{"href":"https:\/\/www.baihemedical.eu\/fr\/wp-json\/wp\/v2\/pages\/2412"}],"collection":[{"href":"https:\/\/www.baihemedical.eu\/fr\/wp-json\/wp\/v2\/pages"}],"about":[{"href":"https:\/\/www.baihemedical.eu\/fr\/wp-json\/wp\/v2\/types\/page"}],"author":[{"embeddable":true,"href":"https:\/\/www.baihemedical.eu\/fr\/wp-json\/wp\/v2\/users\/1"}],"replies":[{"embeddable":true,"href":"https:\/\/www.baihemedical.eu\/fr\/wp-json\/wp\/v2\/comments?post=2412"}],"version-history":[{"count":42,"href":"https:\/\/www.baihemedical.eu\/fr\/wp-json\/wp\/v2\/pages\/2412\/revisions"}],"predecessor-version":[{"id":4554,"href":"https:\/\/www.baihemedical.eu\/fr\/wp-json\/wp\/v2\/pages\/2412\/revisions\/4554"}],"wp:attachment":[{"href":"https:\/\/www.baihemedical.eu\/fr\/wp-json\/wp\/v2\/media?parent=2412"}],"curies":[{"name":"wp","href":"https:\/\/api.w.org\/{rel}","templated":true}]}}