{"id":2407,"date":"2023-03-15T07:27:00","date_gmt":"2023-03-15T06:27:00","guid":{"rendered":"http:\/\/www.webndev.fr\/clientdev\/baiheeu2\/?page_id=2407"},"modified":"2026-04-22T09:44:20","modified_gmt":"2026-04-22T07:44:20","slug":"blood-purification-products","status":"publish","type":"page","link":"https:\/\/www.baihemedical.eu\/fr\/blood-purification-products\/","title":{"rendered":"Produits d'\u00e9puration sanguine"},"content":{"rendered":"<div data-elementor-type=\"wp-page\" data-elementor-id=\"2407\" class=\"elementor elementor-2407\" data-elementor-settings=\"[]\">\n\t\t\t\t\t\t<div class=\"elementor-inner\">\n\t\t\t\t\t\t\t<div class=\"elementor-section-wrap\">\n\t\t\t\t\t\t\t<section class=\"elementor-section elementor-top-section elementor-element elementor-element-2d949d1 elementor-section-boxed elementor-section-height-default elementor-section-height-default\" data-id=\"2d949d1\" data-element_type=\"section\" data-settings=\"{&quot;background_background&quot;:&quot;classic&quot;}\">\n\t\t\t\t\t\t\t<div class=\"elementor-background-overlay\"><\/div>\n\t\t\t\t\t\t\t<div class=\"elementor-container elementor-column-gap-default\">\n\t\t\t\t\t\t\t<div class=\"elementor-row\">\n\t\t\t\t\t<div class=\"elementor-column elementor-col-100 elementor-top-column elementor-element elementor-element-f4551f2\" data-id=\"f4551f2\" data-element_type=\"column\">\n\t\t\t<div class=\"elementor-column-wrap\">\n\t\t\t\t\t\t\t<div class=\"elementor-widget-wrap\">\n\t\t\t\t\t\t\t\t<\/div>\n\t\t\t\t\t<\/div>\n\t\t<\/div>\n\t\t\t\t\t\t\t\t<\/div>\n\t\t\t\t\t<\/div>\n\t\t<\/section>\n\t\t\t\t<section class=\"elementor-section elementor-top-section elementor-element elementor-element-9c058d2 pro-dropmenu elementor-section-boxed elementor-section-height-default elementor-section-height-default\" data-id=\"9c058d2\" data-element_type=\"section\" data-settings=\"{&quot;background_background&quot;:&quot;classic&quot;}\">\n\t\t\t\t\t\t\t<div class=\"elementor-background-overlay\"><\/div>\n\t\t\t\t\t\t\t<div class=\"elementor-container elementor-column-gap-default\">\n\t\t\t\t\t\t\t<div class=\"elementor-row\">\n\t\t\t\t\t<div class=\"elementor-column elementor-col-33 elementor-top-column elementor-element elementor-element-b17b53f\" data-id=\"b17b53f\" data-element_type=\"column\">\n\t\t\t<div class=\"elementor-column-wrap elementor-element-populated\">\n\t\t\t\t\t\t\t<div class=\"elementor-widget-wrap\">\n\t\t\t\t\t\t<div class=\"elementor-element elementor-element-8c1c6d3 elementor-widget elementor-widget-spacer\" data-id=\"8c1c6d3\" data-element_type=\"widget\" data-widget_type=\"spacer.default\">\n\t\t\t\t<div class=\"elementor-widget-container\">\n\t\t\t\t\t<div class=\"elementor-spacer\">\n\t\t\t<div class=\"elementor-spacer-inner\"><\/div>\n\t\t<\/div>\n\t\t\t\t<\/div>\n\t\t\t\t<\/div>\n\t\t\t\t<div class=\"elementor-element elementor-element-366fea5a elementor-widget elementor-widget-heading\" data-id=\"366fea5a\" data-element_type=\"widget\" data-widget_type=\"heading.default\">\n\t\t\t\t<div class=\"elementor-widget-container\">\n\t\t\t<h2 class=\"elementor-heading-title elementor-size-default\">\u00c9puration sanguine<\/h2>\t\t<\/div>\n\t\t\t\t<\/div>\n\t\t\t\t<div class=\"elementor-element elementor-element-09e8202 elementor-widget elementor-widget-eael-simple-menu\" data-id=\"09e8202\" data-element_type=\"widget\" data-widget_type=\"eael-simple-menu.default\">\n\t\t\t\t<div class=\"elementor-widget-container\">\n\t\t\t<div data-indicator-class=\"fas fa-angle-down\" data-dropdown-indicator-class=\"fas fa-angle-down\" class=\"eael-simple-menu-container eael-simple-menu-align-left eael-simple-menu-dropdown-align-left preset-1\"><ul id=\"menu-product_cat_menu_v2_blo\" class=\"eael-simple-menu eael-simple-menu-dropdown-animate-to-top eael-simple-menu-indicator eael-simple-menu-vertical\"><li id=\"menu-item-2823\" class=\"menu-item menu-item-type-post_type menu-item-object-page menu-item-2823\"><a href=\"https:\/\/www.baihemedical.eu\/fr\/anesthesia-products\/\" class=\"menu-link\">Anesth\u00e9sie<\/a><\/li>\n<li id=\"menu-item-2818\" class=\"menu-item menu-item-type-post_type menu-item-object-page menu-item-2818\"><a href=\"https:\/\/www.baihemedical.eu\/fr\/infusion-products\/\" class=\"menu-link\">Perfusion<\/a><\/li>\n<li id=\"menu-item-2819\" class=\"menu-item menu-item-type-post_type menu-item-object-page menu-item-2819\"><a href=\"https:\/\/www.baihemedical.eu\/fr\/urology-products\/\" class=\"menu-link\">Urologie<\/a><\/li>\n<li id=\"menu-item-2820\" class=\"menu-item menu-item-type-post_type menu-item-object-page menu-item-2820\"><a href=\"https:\/\/www.baihemedical.eu\/fr\/wound-care-products\/\" class=\"menu-link\">Soins des plaies<\/a><\/li>\n<li id=\"menu-item-2821\" class=\"menu-item menu-item-type-post_type menu-item-object-page menu-item-2821\"><a href=\"https:\/\/www.baihemedical.eu\/fr\/laparascopic-products\/\" class=\"menu-link\">Laparoscopie<\/a><\/li>\n<li id=\"menu-item-3029\" class=\"menu-item menu-item-type-post_type menu-item-object-page menu-item-3029\"><a href=\"https:\/\/www.baihemedical.eu\/fr\/nursing-products\/\" class=\"menu-link\">Soins infirmiers<\/a><\/li>\n<li id=\"menu-item-2822\" class=\"menu-item menu-item-type-post_type menu-item-object-page menu-item-2822\"><a href=\"https:\/\/www.baihemedical.eu\/fr\/accessories-products\/accessories-oem-products\/\" class=\"menu-link\">Accessoires \/ OEM<\/a><\/li>\n<\/ul><\/div>\t\t<\/div>\n\t\t\t\t<\/div>\n\t\t\t\t<div class=\"elementor-element elementor-element-f44e20c elementor-widget elementor-widget-spacer\" data-id=\"f44e20c\" data-element_type=\"widget\" data-widget_type=\"spacer.default\">\n\t\t\t\t<div class=\"elementor-widget-container\">\n\t\t\t\t\t<div class=\"elementor-spacer\">\n\t\t\t<div class=\"elementor-spacer-inner\"><\/div>\n\t\t<\/div>\n\t\t\t\t<\/div>\n\t\t\t\t<\/div>\n\t\t\t\t\t\t<\/div>\n\t\t\t\t\t<\/div>\n\t\t<\/div>\n\t\t\t\t<div class=\"elementor-column elementor-col-66 elementor-top-column elementor-element elementor-element-06dd2c5\" data-id=\"06dd2c5\" data-element_type=\"column\">\n\t\t\t<div class=\"elementor-column-wrap elementor-element-populated\">\n\t\t\t\t\t\t\t<div class=\"elementor-widget-wrap\">\n\t\t\t\t\t\t<div class=\"elementor-element elementor-element-8b2aa13 elementor-widget elementor-widget-spacer\" data-id=\"8b2aa13\" data-element_type=\"widget\" data-widget_type=\"spacer.default\">\n\t\t\t\t<div class=\"elementor-widget-container\">\n\t\t\t\t\t<div class=\"elementor-spacer\">\n\t\t\t<div class=\"elementor-spacer-inner\"><\/div>\n\t\t<\/div>\n\t\t\t\t<\/div>\n\t\t\t\t<\/div>\n\t\t\t\t<div class=\"elementor-element elementor-element-6e54842 elementor-widget elementor-widget-text-editor\" data-id=\"6e54842\" data-element_type=\"widget\" data-widget_type=\"text-editor.default\">\n\t\t\t\t<div class=\"elementor-widget-container\">\n\t\t\t\t\t\t\t\t<div class=\"elementor-text-editor elementor-clearfix\">\n\t\t\t\t<p>Diff\u00e9rents produits r\u00e9pondent \u00e0 divers besoins. Notre syst\u00e8me complet de gestion de la qualit\u00e9 certifi\u00e9 ISO 13485, ainsi que nos certifications CE et FDA, sont les garants de notre qualit\u00e9.<\/p>\t\t\t\t\t<\/div>\n\t\t\t\t\t\t<\/div>\n\t\t\t\t<\/div>\n\t\t\t\t<section class=\"elementor-section elementor-inner-section elementor-element elementor-element-7297061 elementor-section-boxed elementor-section-height-default elementor-section-height-default elementor-invisible\" data-id=\"7297061\" data-element_type=\"section\" data-settings=\"{&quot;animation&quot;:&quot;zoomIn&quot;}\">\n\t\t\t\t\t\t<div class=\"elementor-container elementor-column-gap-default\">\n\t\t\t\t\t\t\t<div class=\"elementor-row\">\n\t\t\t\t\t<div class=\"elementor-column elementor-col-33 elementor-inner-column elementor-element elementor-element-e48c638\" data-id=\"e48c638\" data-element_type=\"column\" data-settings=\"{&quot;background_background&quot;:&quot;classic&quot;}\">\n\t\t\t<div class=\"elementor-column-wrap elementor-element-populated\">\n\t\t\t\t\t\t\t<div class=\"elementor-widget-wrap\">\n\t\t\t\t\t\t<div class=\"elementor-element elementor-element-d4159c3 elementor-vertical-align-middle elementor-position-top elementor-widget elementor-widget-image-box\" data-id=\"d4159c3\" data-element_type=\"widget\" data-widget_type=\"image-box.default\">\n\t\t\t\t<div class=\"elementor-widget-container\">\n\t\t\t<div class=\"elementor-image-box-wrapper\"><figure class=\"elementor-image-box-img\"><a href=\"https:\/\/www.baihemedical.eu\/fr\/blood-purification-products\/hemodialysis-catheter\/\"><img width=\"1680\" height=\"1121\" src=\"https:\/\/www.baihemedical.eu\/wp-content\/uploads\/2023\/03\/HC-hero-02.jpg\" class=\"attachment-full size-full\" alt=\"Hemodialysis Catheter picture hero 2\" loading=\"lazy\" \/><\/a><\/figure><div class=\"elementor-image-box-content\"><h3 class=\"elementor-image-box-title\"><a href=\"https:\/\/www.baihemedical.eu\/fr\/blood-purification-products\/hemodialysis-catheter\/\">Hemodialysis<br\/>Cath\u00e9ter<\/a><\/h3><\/div><\/div>\t\t<\/div>\n\t\t\t\t<\/div>\n\t\t\t\t\t\t<\/div>\n\t\t\t\t\t<\/div>\n\t\t<\/div>\n\t\t\t\t<div class=\"elementor-column elementor-col-33 elementor-inner-column elementor-element elementor-element-dffa50e\" data-id=\"dffa50e\" data-element_type=\"column\" data-settings=\"{&quot;background_background&quot;:&quot;classic&quot;}\">\n\t\t\t<div class=\"elementor-column-wrap elementor-element-populated\">\n\t\t\t\t\t<div class=\"elementor-background-overlay\"><\/div>\n\t\t\t\t\t\t\t<div class=\"elementor-widget-wrap\">\n\t\t\t\t\t\t<div class=\"elementor-element elementor-element-888faec elementor-vertical-align-middle elementor-position-top elementor-widget elementor-widget-image-box\" data-id=\"888faec\" data-element_type=\"widget\" data-widget_type=\"image-box.default\">\n\t\t\t\t<div class=\"elementor-widget-container\">\n\t\t\t<div class=\"elementor-image-box-wrapper\"><figure class=\"elementor-image-box-img\"><a href=\"https:\/\/www.baihemedical.eu\/fr\/blood-purification-products\/long-term-hemodialysis-catheter\/\"><img src=\"https:\/\/www.baihemedical.eu\/wp-content\/uploads\/elementor\/thumbs\/long-term-hemodialysis-catheter-kit-01-Copy-1-q3rwu80n9hp080gqibnwae1cnh3dldz45xrqjtlory.jpg\" title=\"Long term hemodialysis catheter product\" alt=\"Long term hemodialysis catheter product\" \/><\/a><\/figure><div class=\"elementor-image-box-content\"><h3 class=\"elementor-image-box-title\"><a href=\"https:\/\/www.baihemedical.eu\/fr\/blood-purification-products\/long-term-hemodialysis-catheter\/\">Long Term<br\/>Cath\u00e9ter d'h\u00e9modialyse<\/a><\/h3><\/div><\/div>\t\t<\/div>\n\t\t\t\t<\/div>\n\t\t\t\t\t\t<\/div>\n\t\t\t\t\t<\/div>\n\t\t<\/div>\n\t\t\t\t<div class=\"elementor-column elementor-col-33 elementor-inner-column elementor-element elementor-element-7cab57d\" data-id=\"7cab57d\" data-element_type=\"column\" data-settings=\"{&quot;background_background&quot;:&quot;classic&quot;}\">\n\t\t\t<div class=\"elementor-column-wrap elementor-element-populated\">\n\t\t\t\t\t\t\t<div class=\"elementor-widget-wrap\">\n\t\t\t\t\t\t<div class=\"elementor-element elementor-element-3afba0f elementor-vertical-align-middle elementor-position-top elementor-widget elementor-widget-image-box\" data-id=\"3afba0f\" data-element_type=\"widget\" data-widget_type=\"image-box.default\">\n\t\t\t\t<div class=\"elementor-widget-container\">\n\t\t\t<div class=\"elementor-image-box-wrapper\"><figure class=\"elementor-image-box-img\"><a href=\"https:\/\/www.baihemedical.eu\/fr\/blood-purification-products\/bloodline\/\"><img width=\"1680\" height=\"1121\" src=\"https:\/\/www.baihemedical.eu\/wp-content\/uploads\/2023\/03\/bloodline-hero-01.jpg\" class=\"attachment-full size-full\" alt=\"Bloodline picture hero\" loading=\"lazy\" \/><\/a><\/figure><div class=\"elementor-image-box-content\"><h3 class=\"elementor-image-box-title\"><a href=\"https:\/\/www.baihemedical.eu\/fr\/blood-purification-products\/bloodline\/\">Ligne sanguin<br\/><br\/><\/a><\/h3><\/div><\/div>\t\t<\/div>\n\t\t\t\t<\/div>\n\t\t\t\t\t\t<\/div>\n\t\t\t\t\t<\/div>\n\t\t<\/div>\n\t\t\t\t\t\t\t\t<\/div>\n\t\t\t\t\t<\/div>\n\t\t<\/section>\n\t\t\t\t<section class=\"elementor-section elementor-inner-section elementor-element elementor-element-9d99474 elementor-section-boxed elementor-section-height-default elementor-section-height-default elementor-invisible\" data-id=\"9d99474\" data-element_type=\"section\" data-settings=\"{&quot;animation&quot;:&quot;zoomIn&quot;}\">\n\t\t\t\t\t\t<div class=\"elementor-container elementor-column-gap-default\">\n\t\t\t\t\t\t\t<div class=\"elementor-row\">\n\t\t\t\t\t<div class=\"elementor-column elementor-col-33 elementor-inner-column elementor-element elementor-element-9156eea\" data-id=\"9156eea\" data-element_type=\"column\" data-settings=\"{&quot;background_background&quot;:&quot;classic&quot;}\">\n\t\t\t<div class=\"elementor-column-wrap elementor-element-populated\">\n\t\t\t\t\t\t\t<div class=\"elementor-widget-wrap\">\n\t\t\t\t\t\t<div class=\"elementor-element elementor-element-b5ddb97 elementor-vertical-align-middle elementor-position-top elementor-widget elementor-widget-image-box\" data-id=\"b5ddb97\" data-element_type=\"widget\" data-widget_type=\"image-box.default\">\n\t\t\t\t<div class=\"elementor-widget-container\">\n\t\t\t<div class=\"elementor-image-box-wrapper\"><figure class=\"elementor-image-box-img\"><a href=\"https:\/\/www.baihemedical.eu\/fr\/blood-purification-products\/fistula-needle\/\"><img width=\"1600\" height=\"1067\" src=\"https:\/\/www.baihemedical.eu\/wp-content\/uploads\/2023\/03\/fistula-needle-hero-00003.jpg\" class=\"attachment-full size-full\" alt=\"Fistula needle hero picture 3\" loading=\"lazy\" \/><\/a><\/figure><div class=\"elementor-image-box-content\"><h3 class=\"elementor-image-box-title\"><a href=\"https:\/\/www.baihemedical.eu\/fr\/blood-purification-products\/fistula-needle\/\">Aiguille pour fistule art\u00e9rio-veineuse<br\/><br\/><\/a><\/h3><\/div><\/div>\t\t<\/div>\n\t\t\t\t<\/div>\n\t\t\t\t\t\t<\/div>\n\t\t\t\t\t<\/div>\n\t\t<\/div>\n\t\t\t\t<div class=\"elementor-column elementor-col-33 elementor-inner-column elementor-element elementor-element-762c3aa\" data-id=\"762c3aa\" data-element_type=\"column\" data-settings=\"{&quot;background_background&quot;:&quot;classic&quot;}\">\n\t\t\t<div class=\"elementor-column-wrap elementor-element-populated\">\n\t\t\t\t\t\t\t<div class=\"elementor-widget-wrap\">\n\t\t\t\t\t\t<div class=\"elementor-element elementor-element-d597802 elementor-vertical-align-middle elementor-position-top elementor-widget elementor-widget-image-box\" data-id=\"d597802\" data-element_type=\"widget\" data-widget_type=\"image-box.default\">\n\t\t\t\t<div class=\"elementor-widget-container\">\n\t\t\t<div class=\"elementor-image-box-wrapper\"><figure class=\"elementor-image-box-img\"><a href=\"https:\/\/www.baihemedical.eu\/fr\/blood-purification-products\/dialyzer\/\"><img width=\"1600\" height=\"1067\" src=\"https:\/\/www.baihemedical.eu\/wp-content\/uploads\/2024\/07\/dialyser-category-1600x.jpg\" class=\"attachment-full size-full\" alt=\"\" loading=\"lazy\" \/><\/a><\/figure><div class=\"elementor-image-box-content\"><h3 class=\"elementor-image-box-title\"><a href=\"https:\/\/www.baihemedical.eu\/fr\/blood-purification-products\/dialyzer\/\">Dialyseur<br\/><br\/><\/a><\/h3><\/div><\/div>\t\t<\/div>\n\t\t\t\t<\/div>\n\t\t\t\t\t\t<\/div>\n\t\t\t\t\t<\/div>\n\t\t<\/div>\n\t\t\t\t<div class=\"elementor-column elementor-col-33 elementor-inner-column elementor-element elementor-element-8a780c6\" data-id=\"8a780c6\" data-element_type=\"column\" data-settings=\"{&quot;background_background&quot;:&quot;classic&quot;}\">\n\t\t\t<div class=\"elementor-column-wrap elementor-element-populated\">\n\t\t\t\t\t\t\t<div class=\"elementor-widget-wrap\">\n\t\t\t\t\t\t<div class=\"elementor-element elementor-element-aa5b119 elementor-vertical-align-middle elementor-position-top elementor-widget elementor-widget-image-box\" data-id=\"aa5b119\" data-element_type=\"widget\" data-widget_type=\"image-box.default\">\n\t\t\t\t<div class=\"elementor-widget-container\">\n\t\t\t<div class=\"elementor-image-box-wrapper\"><figure class=\"elementor-image-box-img\"><a href=\"https:\/\/www.baihemedical.eu\/fr\/blood-purification-products\/hemoperfusion-cartridge\/\"><img src=\"https:\/\/www.baihemedical.eu\/wp-content\/uploads\/elementor\/thumbs\/hemoperfusion-cartridge-hero-pic-1-rb7lw94uvk2bt8mn2x7zg0u4m222w5nxt2l4zu0rkw.jpg\" title=\"hemoperfusion-cartridge-hero-pic-1\" alt=\"hemoperfusion-cartridge-hero-pic-1\" \/><\/a><\/figure><div class=\"elementor-image-box-content\"><h3 class=\"elementor-image-box-title\"><a href=\"https:\/\/www.baihemedical.eu\/fr\/blood-purification-products\/hemoperfusion-cartridge\/\">Cartouche d'h\u00e9mop\u00e9fusion<br\/><br\/><\/a><\/h3><\/div><\/div>\t\t<\/div>\n\t\t\t\t<\/div>\n\t\t\t\t\t\t<\/div>\n\t\t\t\t\t<\/div>\n\t\t<\/div>\n\t\t\t\t\t\t\t\t<\/div>\n\t\t\t\t\t<\/div>\n\t\t<\/section>\n\t\t\t\t<section class=\"elementor-section elementor-inner-section elementor-element elementor-element-c1ad7c4 elementor-section-boxed elementor-section-height-default elementor-section-height-default elementor-invisible\" data-id=\"c1ad7c4\" data-element_type=\"section\" data-settings=\"{&quot;animation&quot;:&quot;zoomIn&quot;}\">\n\t\t\t\t\t\t<div class=\"elementor-container elementor-column-gap-default\">\n\t\t\t\t\t\t\t<div class=\"elementor-row\">\n\t\t\t\t\t<div class=\"elementor-column elementor-col-33 elementor-inner-column elementor-element elementor-element-b4465e2\" data-id=\"b4465e2\" data-element_type=\"column\" data-settings=\"{&quot;background_background&quot;:&quot;classic&quot;}\">\n\t\t\t<div class=\"elementor-column-wrap elementor-element-populated\">\n\t\t\t\t\t\t\t<div class=\"elementor-widget-wrap\">\n\t\t\t\t\t\t<div class=\"elementor-element elementor-element-927703e elementor-vertical-align-middle elementor-position-top elementor-widget elementor-widget-image-box\" data-id=\"927703e\" data-element_type=\"widget\" data-widget_type=\"image-box.default\">\n\t\t\t\t<div class=\"elementor-widget-container\">\n\t\t\t<div class=\"elementor-image-box-wrapper\"><figure class=\"elementor-image-box-img\"><a href=\"https:\/\/www.baihemedical.eu\/fr\/blood-purification-products\/high-specific-bilirubin-absorption-column\/\"><img width=\"2560\" height=\"1708\" src=\"https:\/\/www.baihemedical.eu\/wp-content\/uploads\/2023\/02\/DX-hero-01-scaled.jpg\" class=\"attachment-full size-full\" alt=\"High Specific Bilirubin Absorption column Hero 01\" loading=\"lazy\" \/><\/a><\/figure><div class=\"elementor-image-box-content\"><h3 class=\"elementor-image-box-title\"><a href=\"https:\/\/www.baihemedical.eu\/fr\/blood-purification-products\/high-specific-bilirubin-absorption-column\/\">High Specific Bilirubin bsorption column<\/a><\/h3><\/div><\/div>\t\t<\/div>\n\t\t\t\t<\/div>\n\t\t\t\t\t\t<\/div>\n\t\t\t\t\t<\/div>\n\t\t<\/div>\n\t\t\t\t<div class=\"elementor-column elementor-col-33 elementor-inner-column elementor-element elementor-element-50f3dfc\" data-id=\"50f3dfc\" data-element_type=\"column\" data-settings=\"{&quot;background_background&quot;:&quot;classic&quot;}\">\n\t\t\t<div class=\"elementor-column-wrap\">\n\t\t\t\t\t\t\t<div class=\"elementor-widget-wrap\">\n\t\t\t\t\t\t\t\t<\/div>\n\t\t\t\t\t<\/div>\n\t\t<\/div>\n\t\t\t\t<div class=\"elementor-column elementor-col-33 elementor-inner-column elementor-element elementor-element-eb93aa5\" data-id=\"eb93aa5\" data-element_type=\"column\" data-settings=\"{&quot;background_background&quot;:&quot;classic&quot;}\">\n\t\t\t<div class=\"elementor-column-wrap\">\n\t\t\t\t\t\t\t<div class=\"elementor-widget-wrap\">\n\t\t\t\t\t\t\t\t<\/div>\n\t\t\t\t\t<\/div>\n\t\t<\/div>\n\t\t\t\t\t\t\t\t<\/div>\n\t\t\t\t\t<\/div>\n\t\t<\/section>\n\t\t\t\t<div class=\"elementor-element elementor-element-a545332 elementor-widget elementor-widget-spacer\" data-id=\"a545332\" data-element_type=\"widget\" data-widget_type=\"spacer.default\">\n\t\t\t\t<div class=\"elementor-widget-container\">\n\t\t\t\t\t<div class=\"elementor-spacer\">\n\t\t\t<div class=\"elementor-spacer-inner\"><\/div>\n\t\t<\/div>\n\t\t\t\t<\/div>\n\t\t\t\t<\/div>\n\t\t\t\t\t\t<\/div>\n\t\t\t\t\t<\/div>\n\t\t<\/div>\n\t\t\t\t\t\t\t\t<\/div>\n\t\t\t\t\t<\/div>\n\t\t<\/section>\n\t\t\t\t\t\t<\/div>\n\t\t\t\t\t\t<\/div>\n\t\t\t\t\t<\/div>","protected":false},"excerpt":{"rendered":"<p>Blood purification Anesthesia Infusion Urology Wound Care Laparascopic Nursing Accessories \/ OEM products Different products meet various needs. The complete quality management system ISO13485 and CE and FDA certification are the guarantee of quality. HemodialysisCatheter Long TermHemodialysis Catheter Bloodline AV Fistula needle Dialyzer Hemoperfusion Cartridge High Specific Bilirubin bsorption column<\/p>","protected":false},"author":1,"featured_media":0,"parent":0,"menu_order":0,"comment_status":"closed","ping_status":"closed","template":"","meta":[],"yoast_head":"<!-- This site is optimized with the Yoast SEO plugin v17.5 - https:\/\/yoast.com\/wordpress\/plugins\/seo\/ -->\n<title>Blood purification products - BAIHE EUROPE<\/title>\n<meta name=\"description\" content=\"Anesthesia category product list.\" \/>\n<meta name=\"robots\" content=\"index, follow, max-snippet:-1, max-image-preview:large, max-video-preview:-1\" \/>\n<link rel=\"canonical\" href=\"https:\/\/www.baihemedical.eu\/fr\/blood-purification-products\/\" \/>\n<meta property=\"og:locale\" content=\"fr_FR\" \/>\n<meta property=\"og:type\" content=\"article\" \/>\n<meta property=\"og:title\" content=\"Blood purification products - BAIHE EUROPE\" \/>\n<meta property=\"og:description\" content=\"Anesthesia category product list.\" \/>\n<meta property=\"og:url\" content=\"https:\/\/www.baihemedical.eu\/fr\/blood-purification-products\/\" \/>\n<meta property=\"og:site_name\" content=\"BAIHE EUROPE\" \/>\n<meta property=\"article:modified_time\" content=\"2026-04-22T07:44:20+00:00\" \/>\n<meta property=\"og:image\" content=\"https:\/\/www.baihemedical.eu\/wp-content\/uploads\/2023\/03\/HC-hero-02.jpg\" \/>\n<meta name=\"twitter:card\" content=\"summary_large_image\" \/>\n<meta name=\"twitter:label1\" content=\"Dur\u00e9e de lecture est.\" \/>\n\t<meta name=\"twitter:data1\" content=\"2 minutes\" \/>\n<script type=\"application\/ld+json\" class=\"yoast-schema-graph\">{\"@context\":\"https:\/\/schema.org\",\"@graph\":[{\"@type\":\"WebSite\",\"@id\":\"https:\/\/www.baihemedical.eu\/#website\",\"url\":\"https:\/\/www.baihemedical.eu\/\",\"name\":\"BAIHE EUROPE\",\"description\":\"Production and sales of medical devices\",\"potentialAction\":[{\"@type\":\"SearchAction\",\"target\":{\"@type\":\"EntryPoint\",\"urlTemplate\":\"https:\/\/www.baihemedical.eu\/?s={search_term_string}\"},\"query-input\":\"required name=search_term_string\"}],\"inLanguage\":\"fr-FR\"},{\"@type\":\"ImageObject\",\"@id\":\"https:\/\/www.baihemedical.eu\/blood-purification-products\/#primaryimage\",\"inLanguage\":\"fr-FR\",\"url\":\"https:\/\/www.baihemedical.eu\/wp-content\/uploads\/2023\/03\/HC-hero-02.jpg\",\"contentUrl\":\"https:\/\/www.baihemedical.eu\/wp-content\/uploads\/2023\/03\/HC-hero-02.jpg\",\"width\":1680,\"height\":1121,\"caption\":\"Hemodialysis Catheter picture hero 2\"},{\"@type\":\"WebPage\",\"@id\":\"https:\/\/www.baihemedical.eu\/blood-purification-products\/#webpage\",\"url\":\"https:\/\/www.baihemedical.eu\/blood-purification-products\/\",\"name\":\"Blood purification products - BAIHE EUROPE\",\"isPartOf\":{\"@id\":\"https:\/\/www.baihemedical.eu\/#website\"},\"primaryImageOfPage\":{\"@id\":\"https:\/\/www.baihemedical.eu\/blood-purification-products\/#primaryimage\"},\"datePublished\":\"2023-03-15T06:27:00+00:00\",\"dateModified\":\"2026-04-22T07:44:20+00:00\",\"description\":\"Anesthesia category product list.\",\"breadcrumb\":{\"@id\":\"https:\/\/www.baihemedical.eu\/blood-purification-products\/#breadcrumb\"},\"inLanguage\":\"fr-FR\",\"potentialAction\":[{\"@type\":\"ReadAction\",\"target\":[\"https:\/\/www.baihemedical.eu\/blood-purification-products\/\"]}]},{\"@type\":\"BreadcrumbList\",\"@id\":\"https:\/\/www.baihemedical.eu\/blood-purification-products\/#breadcrumb\",\"itemListElement\":[{\"@type\":\"ListItem\",\"position\":1,\"name\":\"Blood purification products\"}]}]}<\/script>\n<!-- \/ Yoast SEO plugin. -->","yoast_head_json":{"title":"Blood purification products - BAIHE EUROPE","description":"Anesthesia category product list.","robots":{"index":"index","follow":"follow","max-snippet":"max-snippet:-1","max-image-preview":"max-image-preview:large","max-video-preview":"max-video-preview:-1"},"canonical":"https:\/\/www.baihemedical.eu\/fr\/blood-purification-products\/","og_locale":"fr_FR","og_type":"article","og_title":"Blood purification products - BAIHE EUROPE","og_description":"Anesthesia category product list.","og_url":"https:\/\/www.baihemedical.eu\/fr\/blood-purification-products\/","og_site_name":"BAIHE EUROPE","article_modified_time":"2026-04-22T07:44:20+00:00","og_image":[{"url":"https:\/\/www.baihemedical.eu\/wp-content\/uploads\/2023\/03\/HC-hero-02.jpg"}],"twitter_card":"summary_large_image","twitter_misc":{"Dur\u00e9e de lecture est.":"2 minutes"},"schema":{"@context":"https:\/\/schema.org","@graph":[{"@type":"WebSite","@id":"https:\/\/www.baihemedical.eu\/#website","url":"https:\/\/www.baihemedical.eu\/","name":"BAIHE EUROPE","description":"Production and sales of medical devices","potentialAction":[{"@type":"SearchAction","target":{"@type":"EntryPoint","urlTemplate":"https:\/\/www.baihemedical.eu\/?s={search_term_string}"},"query-input":"required name=search_term_string"}],"inLanguage":"fr-FR"},{"@type":"ImageObject","@id":"https:\/\/www.baihemedical.eu\/blood-purification-products\/#primaryimage","inLanguage":"fr-FR","url":"https:\/\/www.baihemedical.eu\/wp-content\/uploads\/2023\/03\/HC-hero-02.jpg","contentUrl":"https:\/\/www.baihemedical.eu\/wp-content\/uploads\/2023\/03\/HC-hero-02.jpg","width":1680,"height":1121,"caption":"Hemodialysis Catheter picture hero 2"},{"@type":"WebPage","@id":"https:\/\/www.baihemedical.eu\/blood-purification-products\/#webpage","url":"https:\/\/www.baihemedical.eu\/blood-purification-products\/","name":"Blood purification products - BAIHE EUROPE","isPartOf":{"@id":"https:\/\/www.baihemedical.eu\/#website"},"primaryImageOfPage":{"@id":"https:\/\/www.baihemedical.eu\/blood-purification-products\/#primaryimage"},"datePublished":"2023-03-15T06:27:00+00:00","dateModified":"2026-04-22T07:44:20+00:00","description":"Anesthesia category product list.","breadcrumb":{"@id":"https:\/\/www.baihemedical.eu\/blood-purification-products\/#breadcrumb"},"inLanguage":"fr-FR","potentialAction":[{"@type":"ReadAction","target":["https:\/\/www.baihemedical.eu\/blood-purification-products\/"]}]},{"@type":"BreadcrumbList","@id":"https:\/\/www.baihemedical.eu\/blood-purification-products\/#breadcrumb","itemListElement":[{"@type":"ListItem","position":1,"name":"Blood purification products"}]}]}},"_links":{"self":[{"href":"https:\/\/www.baihemedical.eu\/fr\/wp-json\/wp\/v2\/pages\/2407"}],"collection":[{"href":"https:\/\/www.baihemedical.eu\/fr\/wp-json\/wp\/v2\/pages"}],"about":[{"href":"https:\/\/www.baihemedical.eu\/fr\/wp-json\/wp\/v2\/types\/page"}],"author":[{"embeddable":true,"href":"https:\/\/www.baihemedical.eu\/fr\/wp-json\/wp\/v2\/users\/1"}],"replies":[{"embeddable":true,"href":"https:\/\/www.baihemedical.eu\/fr\/wp-json\/wp\/v2\/comments?post=2407"}],"version-history":[{"count":60,"href":"https:\/\/www.baihemedical.eu\/fr\/wp-json\/wp\/v2\/pages\/2407\/revisions"}],"predecessor-version":[{"id":4906,"href":"https:\/\/www.baihemedical.eu\/fr\/wp-json\/wp\/v2\/pages\/2407\/revisions\/4906"}],"wp:attachment":[{"href":"https:\/\/www.baihemedical.eu\/fr\/wp-json\/wp\/v2\/media?parent=2407"}],"curies":[{"name":"wp","href":"https:\/\/api.w.org\/{rel}","templated":true}]}}